{"id":6116,"date":"2022-09-12T11:59:56","date_gmt":"2022-09-12T11:59:56","guid":{"rendered":"https:\/\/www.lojameraki.pt\/novo\/?post_type=product&#038;p=6116"},"modified":"2025-02-19T17:33:24","modified_gmt":"2025-02-19T17:33:24","slug":"joao-pestana-07","status":"publish","type":"product","link":"https:\/\/www.lojameraki.pt\/novo\/product\/joao-pestana-07\/","title":{"rendered":"Jo\u00e3o Pestana 07"},"content":{"rendered":"<p>Jo\u00e3o Pestana 07<\/p>\n<p>Composi\u00e7\u00e3o: 41% algod\u00e3o; 29% acr\u00edlico; 30% poliamida<\/p>\n<p>Peso: 100 gramas<\/p>\n<p>Comprimento: 240 metros | DK<\/p>\n<p>Agulhas: 3,5 &#8211; 4 mm<\/p>\n<p>Amostra: 23\u00a0 malhas por 30 carreiras\u00a0 \u00a0(10 cm)<\/p>\n<p>lav\u00e1vel \u00e0 m\u00e1quina<\/p>\n","protected":false},"excerpt":{"rendered":"<p>Jo\u00e3o Pestana 07 Composi\u00e7\u00e3o: 41% algod\u00e3o; 29% acr\u00edlico; 30% poliamida Peso: 100 gramas Comprimento: 240 metros | DK Agulhas: 3,5 &#8211; 4 mm Amostra: 23\u00a0 malhas por 30 carreiras\u00a0 \u00a0(10 cm) lav\u00e1vel \u00e0 m\u00e1quina<\/p>\n","protected":false},"featured_media":6112,"template":"","meta":{"_et_pb_use_builder":"","_et_pb_old_content":"","_et_gb_content_width":""},"product_brand":[],"product_cat":[82,77,88,23,20,396,21,76,95],"product_tag":[171],"class_list":{"0":"post-6116","1":"product","2":"type-product","3":"status-publish","4":"has-post-thumbnail","6":"product_cat-acrilico","7":"product_cat-algodao","8":"product_cat-dk","9":"product_cat-espessura","10":"product_cat-fios","11":"product_cat-joao-pestana","12":"product_cat-marcas","13":"product_cat-poliamida-nylon","14":"product_cat-rosarios-4-marcas","15":"product_tag-bebe","17":"first","18":"instock","19":"shipping-taxable","20":"purchasable","21":"product-type-simple"},"_links":{"self":[{"href":"https:\/\/www.lojameraki.pt\/novo\/wp-json\/wp\/v2\/product\/6116","targetHints":{"allow":["GET"]}}],"collection":[{"href":"https:\/\/www.lojameraki.pt\/novo\/wp-json\/wp\/v2\/product"}],"about":[{"href":"https:\/\/www.lojameraki.pt\/novo\/wp-json\/wp\/v2\/types\/product"}],"wp:featuredmedia":[{"embeddable":true,"href":"https:\/\/www.lojameraki.pt\/novo\/wp-json\/wp\/v2\/media\/6112"}],"wp:attachment":[{"href":"https:\/\/www.lojameraki.pt\/novo\/wp-json\/wp\/v2\/media?parent=6116"}],"wp:term":[{"taxonomy":"product_brand","embeddable":true,"href":"https:\/\/www.lojameraki.pt\/novo\/wp-json\/wp\/v2\/product_brand?post=6116"},{"taxonomy":"product_cat","embeddable":true,"href":"https:\/\/www.lojameraki.pt\/novo\/wp-json\/wp\/v2\/product_cat?post=6116"},{"taxonomy":"product_tag","embeddable":true,"href":"https:\/\/www.lojameraki.pt\/novo\/wp-json\/wp\/v2\/product_tag?post=6116"}],"curies":[{"name":"wp","href":"https:\/\/api.w.org\/{rel}","templated":true}]}}