{"id":6202,"date":"2022-09-28T15:54:14","date_gmt":"2022-09-28T15:54:14","guid":{"rendered":"https:\/\/www.lojameraki.pt\/novo\/?post_type=product&#038;p=6202"},"modified":"2022-09-28T15:58:04","modified_gmt":"2022-09-28T15:58:04","slug":"kit-symmetry-shawl-kal-2022","status":"publish","type":"product","link":"https:\/\/www.lojameraki.pt\/novo\/product\/kit-symmetry-shawl-kal-2022\/","title":{"rendered":"Kit Symmetry Shawl &#8211; kal 2022"},"content":{"rendered":"<p>Kit Symmetry Shawl &#8211; kal 2022<\/p>\n<p>Composi\u00e7\u00e3o:\u00a0 \u00a0Conjunto e 7 novelos para a execu\u00e7\u00e3o do trabalho e folheto com as indica\u00e7\u00f5es para o grupo de apoio ao Kal<\/p>\n<p>Peso: 530 gramas<\/p>\n<p>&nbsp;<\/p>\n","protected":false},"excerpt":{"rendered":"<p>&nbsp;<\/p>\n<p>&nbsp;<\/p>\n","protected":false},"featured_media":0,"template":"","meta":{"_et_pb_use_builder":"","_et_pb_old_content":"","_et_gb_content_width":""},"product_brand":[],"product_cat":[77,22,23,20,220,93,401,70,21,110],"product_tag":[],"class_list":{"0":"post-6202","1":"product","2":"type-product","3":"status-publish","5":"product_cat-algodao","6":"product_cat-composicao","7":"product_cat-espessura","8":"product_cat-fios","9":"product_cat-iaque","10":"product_cat-katia-marcas","11":"product_cat-kits","12":"product_cat-la","13":"product_cat-marcas","14":"product_cat-sport","16":"first","17":"instock","18":"shipping-taxable","19":"purchasable","20":"product-type-simple"},"_links":{"self":[{"href":"https:\/\/www.lojameraki.pt\/novo\/wp-json\/wp\/v2\/product\/6202","targetHints":{"allow":["GET"]}}],"collection":[{"href":"https:\/\/www.lojameraki.pt\/novo\/wp-json\/wp\/v2\/product"}],"about":[{"href":"https:\/\/www.lojameraki.pt\/novo\/wp-json\/wp\/v2\/types\/product"}],"wp:attachment":[{"href":"https:\/\/www.lojameraki.pt\/novo\/wp-json\/wp\/v2\/media?parent=6202"}],"wp:term":[{"taxonomy":"product_brand","embeddable":true,"href":"https:\/\/www.lojameraki.pt\/novo\/wp-json\/wp\/v2\/product_brand?post=6202"},{"taxonomy":"product_cat","embeddable":true,"href":"https:\/\/www.lojameraki.pt\/novo\/wp-json\/wp\/v2\/product_cat?post=6202"},{"taxonomy":"product_tag","embeddable":true,"href":"https:\/\/www.lojameraki.pt\/novo\/wp-json\/wp\/v2\/product_tag?post=6202"}],"curies":[{"name":"wp","href":"https:\/\/api.w.org\/{rel}","templated":true}]}}