{"id":6223,"date":"2022-10-04T13:46:26","date_gmt":"2022-10-04T13:46:26","guid":{"rendered":"https:\/\/www.lojameraki.pt\/novo\/?post_type=product&#038;p=6223"},"modified":"2025-03-31T14:52:08","modified_gmt":"2025-03-31T14:52:08","slug":"malabrigo-sock-gobber","status":"publish","type":"product","link":"https:\/\/www.lojameraki.pt\/novo\/product\/malabrigo-sock-gobber\/","title":{"rendered":"Malabrigo Sock  Gobber"},"content":{"rendered":"<p>Malabrigo Sock Gobber<\/p>\n<p>Composi\u00e7\u00e3o: 100% L\u00e3 merino<\/p>\n<p>Peso: 100 gramas<\/p>\n<p>Comprimento: 402 metros |\u00a0 Fingering<\/p>\n<p>Agulhas: 2,5 &#8211; 3,5 mm<\/p>\n<p>Amostra: 32 malhas\u00a0 (10 cm)<\/p>\n<p>lav\u00e1vel \u00e0 m\u00e1quina &#8211; superwash<\/p>\n","protected":false},"excerpt":{"rendered":"<p>Malabrigo Sock Gobber Composi\u00e7\u00e3o: 100% L\u00e3 merino Peso: 100 gramas Comprimento: 402 metros |\u00a0 Fingering Agulhas: 2,5 &#8211; 3,5 mm Amostra: 32 malhas\u00a0 (10 cm) lav\u00e1vel \u00e0 m\u00e1quina &#8211; superwash<\/p>\n","protected":false},"featured_media":6226,"template":"","meta":{"_et_pb_use_builder":"","_et_pb_old_content":"","_et_gb_content_width":""},"product_brand":[],"product_cat":[22,23,87,20,71,98,21,196],"product_tag":[],"class_list":{"0":"post-6223","1":"product","2":"type-product","3":"status-publish","4":"has-post-thumbnail","6":"product_cat-composicao","7":"product_cat-espessura","8":"product_cat-fingering","9":"product_cat-fios","10":"product_cat-la-merino","11":"product_cat-malabrigo-marcas","12":"product_cat-marcas","13":"product_cat-sock","15":"first","16":"instock","17":"shipping-taxable","18":"purchasable","19":"product-type-simple"},"_links":{"self":[{"href":"https:\/\/www.lojameraki.pt\/novo\/wp-json\/wp\/v2\/product\/6223","targetHints":{"allow":["GET"]}}],"collection":[{"href":"https:\/\/www.lojameraki.pt\/novo\/wp-json\/wp\/v2\/product"}],"about":[{"href":"https:\/\/www.lojameraki.pt\/novo\/wp-json\/wp\/v2\/types\/product"}],"wp:featuredmedia":[{"embeddable":true,"href":"https:\/\/www.lojameraki.pt\/novo\/wp-json\/wp\/v2\/media\/6226"}],"wp:attachment":[{"href":"https:\/\/www.lojameraki.pt\/novo\/wp-json\/wp\/v2\/media?parent=6223"}],"wp:term":[{"taxonomy":"product_brand","embeddable":true,"href":"https:\/\/www.lojameraki.pt\/novo\/wp-json\/wp\/v2\/product_brand?post=6223"},{"taxonomy":"product_cat","embeddable":true,"href":"https:\/\/www.lojameraki.pt\/novo\/wp-json\/wp\/v2\/product_cat?post=6223"},{"taxonomy":"product_tag","embeddable":true,"href":"https:\/\/www.lojameraki.pt\/novo\/wp-json\/wp\/v2\/product_tag?post=6223"}],"curies":[{"name":"wp","href":"https:\/\/api.w.org\/{rel}","templated":true}]}}