{"id":6308,"date":"2022-11-19T10:18:37","date_gmt":"2022-11-19T10:18:37","guid":{"rendered":"https:\/\/www.lojameraki.pt\/novo\/?post_type=product&#038;p=6308"},"modified":"2024-03-01T00:00:04","modified_gmt":"2024-03-01T00:00:04","slug":"orion-05","status":"publish","type":"product","link":"https:\/\/www.lojameraki.pt\/novo\/product\/orion-05\/","title":{"rendered":"Orion 05"},"content":{"rendered":"<p>Orion 05<\/p>\n<p>Composi\u00e7\u00e3o:\u00a0 50%\u00a0 l\u00e3 ; 47% acr\u00edlico: 3% poli\u00e9ster<\/p>\n<p>Peso: 50 gramas<\/p>\n<p>Comprimento: 110 metros\u00a0 | DK<\/p>\n<p>Agulhas: 4,5\u00a0 &#8211;\u00a0 5mm<\/p>\n<p>Amostra: 15 malhas por 21 carreiras\u00a0 (10 x 10 cm)<\/p>\n<p>Lavar \u00e0 m\u00e3o<\/p>\n","protected":false},"excerpt":{"rendered":"<p>Orion 05 Composi\u00e7\u00e3o:\u00a0 50%\u00a0 l\u00e3 ; 47% acr\u00edlico: 3% poli\u00e9ster Peso: 50 gramas Comprimento: 110 metros\u00a0 | DK Agulhas: 4,5\u00a0 &#8211;\u00a0 5mm Amostra: 15 malhas por 21 carreiras\u00a0 (10 x 10 cm) Lavar \u00e0 m\u00e3o<\/p>\n","protected":false},"featured_media":0,"template":"","meta":{"_et_pb_use_builder":"","_et_pb_old_content":"","_et_gb_content_width":""},"product_brand":[],"product_cat":[82,22,88,23,20,70,21,403,85,95],"product_tag":[],"class_list":{"0":"post-6308","1":"product","2":"type-product","3":"status-publish","5":"product_cat-acrilico","6":"product_cat-composicao","7":"product_cat-dk","8":"product_cat-espessura","9":"product_cat-fios","10":"product_cat-la","11":"product_cat-marcas","12":"product_cat-orion","13":"product_cat-poliester","14":"product_cat-rosarios-4-marcas","16":"first","17":"instock","18":"shipping-taxable","19":"purchasable","20":"product-type-simple"},"_links":{"self":[{"href":"https:\/\/www.lojameraki.pt\/novo\/wp-json\/wp\/v2\/product\/6308","targetHints":{"allow":["GET"]}}],"collection":[{"href":"https:\/\/www.lojameraki.pt\/novo\/wp-json\/wp\/v2\/product"}],"about":[{"href":"https:\/\/www.lojameraki.pt\/novo\/wp-json\/wp\/v2\/types\/product"}],"wp:attachment":[{"href":"https:\/\/www.lojameraki.pt\/novo\/wp-json\/wp\/v2\/media?parent=6308"}],"wp:term":[{"taxonomy":"product_brand","embeddable":true,"href":"https:\/\/www.lojameraki.pt\/novo\/wp-json\/wp\/v2\/product_brand?post=6308"},{"taxonomy":"product_cat","embeddable":true,"href":"https:\/\/www.lojameraki.pt\/novo\/wp-json\/wp\/v2\/product_cat?post=6308"},{"taxonomy":"product_tag","embeddable":true,"href":"https:\/\/www.lojameraki.pt\/novo\/wp-json\/wp\/v2\/product_tag?post=6308"}],"curies":[{"name":"wp","href":"https:\/\/api.w.org\/{rel}","templated":true}]}}