{"id":6343,"date":"2022-12-01T11:31:35","date_gmt":"2022-12-01T11:31:35","guid":{"rendered":"https:\/\/www.lojameraki.pt\/novo\/?post_type=product&#038;p=6343"},"modified":"2026-03-12T12:42:02","modified_gmt":"2026-03-12T12:42:02","slug":"tuscany-tweed-68","status":"publish","type":"product","link":"https:\/\/www.lojameraki.pt\/novo\/product\/tuscany-tweed-68\/","title":{"rendered":"Tuscany Tweed 68"},"content":{"rendered":"<p>Tuscany Tweed 68<\/p>\n<p>Composi\u00e7\u00e3o: 55% l\u00e3; 15% l\u00e3 alpaca; 30% viscose<\/p>\n<p>Peso: 50 gramas<\/p>\n<p>Comprimento: 170 metros | DK<\/p>\n<p>Agulhas: 3 &#8211; 3,5 mm<\/p>\n<p>Amostra: 22\u00a0 malhas por 30 carreiras\u00a0 \u00a0(10 cm)<\/p>\n<p>lav\u00e1vel \u00e0 m\u00e3o<\/p>\n","protected":false},"excerpt":{"rendered":"<p>Tuscany Tweed 68 Composi\u00e7\u00e3o: 55% l\u00e3; 15% l\u00e3 alpaca; 30% viscose Peso: 50 gramas Comprimento: 170 metros | DK Agulhas: 3 &#8211; 3,5 mm Amostra: 22\u00a0 malhas por 30 carreiras\u00a0 \u00a0(10 cm) lav\u00e1vel \u00e0 m\u00e3o<\/p>\n","protected":false},"featured_media":6338,"template":"","meta":{"_et_pb_use_builder":"","_et_pb_old_content":"","_et_gb_content_width":""},"product_brand":[],"product_cat":[88,23,20,70,72,21,109,397,80],"product_tag":[],"class_list":{"0":"post-6343","1":"product","2":"type-product","3":"status-publish","4":"has-post-thumbnail","6":"product_cat-dk","7":"product_cat-espessura","8":"product_cat-fios","9":"product_cat-la","10":"product_cat-la-alpaca","11":"product_cat-marcas","12":"product_cat-schachenmayr-marcas","13":"product_cat-tuscany-tweed","14":"product_cat-viscose","16":"first","17":"instock","18":"shipping-taxable","19":"purchasable","20":"product-type-simple"},"_links":{"self":[{"href":"https:\/\/www.lojameraki.pt\/novo\/wp-json\/wp\/v2\/product\/6343","targetHints":{"allow":["GET"]}}],"collection":[{"href":"https:\/\/www.lojameraki.pt\/novo\/wp-json\/wp\/v2\/product"}],"about":[{"href":"https:\/\/www.lojameraki.pt\/novo\/wp-json\/wp\/v2\/types\/product"}],"wp:featuredmedia":[{"embeddable":true,"href":"https:\/\/www.lojameraki.pt\/novo\/wp-json\/wp\/v2\/media\/6338"}],"wp:attachment":[{"href":"https:\/\/www.lojameraki.pt\/novo\/wp-json\/wp\/v2\/media?parent=6343"}],"wp:term":[{"taxonomy":"product_brand","embeddable":true,"href":"https:\/\/www.lojameraki.pt\/novo\/wp-json\/wp\/v2\/product_brand?post=6343"},{"taxonomy":"product_cat","embeddable":true,"href":"https:\/\/www.lojameraki.pt\/novo\/wp-json\/wp\/v2\/product_cat?post=6343"},{"taxonomy":"product_tag","embeddable":true,"href":"https:\/\/www.lojameraki.pt\/novo\/wp-json\/wp\/v2\/product_tag?post=6343"}],"curies":[{"name":"wp","href":"https:\/\/api.w.org\/{rel}","templated":true}]}}