{"id":6350,"date":"2022-12-03T10:45:53","date_gmt":"2022-12-03T10:45:53","guid":{"rendered":"https:\/\/www.lojameraki.pt\/novo\/?post_type=product&#038;p=6350"},"modified":"2025-10-30T12:42:00","modified_gmt":"2025-10-30T12:42:00","slug":"merian-19","status":"publish","type":"product","link":"https:\/\/www.lojameraki.pt\/novo\/product\/merian-19\/","title":{"rendered":"Merian 19"},"content":{"rendered":"<p>Merian 19<\/p>\n<p>Composi\u00e7\u00e3o:\u00a0 100% L\u00e3 merino<\/p>\n<p>Peso: 50 gramas<\/p>\n<p>Comprimento: 220 metros\u00a0 | Sport<\/p>\n<p>Agulhas: 3 &#8211; 3,5 mm<\/p>\n<p>Amostra: 29 malhas por 36 carreiras\u00a0 (10 cm x 10 cm)<\/p>\n<p>Superwash &#8211; Lav\u00e1vel \u00e0 m\u00e1quina 30\u00ba<\/p>\n","protected":false},"excerpt":{"rendered":"<p>Merian 19 Composi\u00e7\u00e3o:\u00a0 100% L\u00e3 merino Peso: 50 gramas Comprimento: 220 metros\u00a0 | Sport Agulhas: 3 &#8211; 3,5 mm Amostra: 29 malhas por 36 carreiras\u00a0 (10 cm x 10 cm) Superwash &#8211; Lav\u00e1vel \u00e0 m\u00e1quina 30\u00ba<\/p>\n","protected":false},"featured_media":6349,"template":"","meta":{"_et_pb_use_builder":"","_et_pb_old_content":"","_et_gb_content_width":""},"product_brand":[],"product_cat":[22,23,20,71,21,264,95,110],"product_tag":[171],"class_list":{"0":"post-6350","1":"product","2":"type-product","3":"status-publish","4":"has-post-thumbnail","6":"product_cat-composicao","7":"product_cat-espessura","8":"product_cat-fios","9":"product_cat-la-merino","10":"product_cat-marcas","11":"product_cat-merian","12":"product_cat-rosarios-4-marcas","13":"product_cat-sport","14":"product_tag-bebe","16":"first","17":"instock","18":"shipping-taxable","19":"purchasable","20":"product-type-simple"},"_links":{"self":[{"href":"https:\/\/www.lojameraki.pt\/novo\/wp-json\/wp\/v2\/product\/6350","targetHints":{"allow":["GET"]}}],"collection":[{"href":"https:\/\/www.lojameraki.pt\/novo\/wp-json\/wp\/v2\/product"}],"about":[{"href":"https:\/\/www.lojameraki.pt\/novo\/wp-json\/wp\/v2\/types\/product"}],"wp:featuredmedia":[{"embeddable":true,"href":"https:\/\/www.lojameraki.pt\/novo\/wp-json\/wp\/v2\/media\/6349"}],"wp:attachment":[{"href":"https:\/\/www.lojameraki.pt\/novo\/wp-json\/wp\/v2\/media?parent=6350"}],"wp:term":[{"taxonomy":"product_brand","embeddable":true,"href":"https:\/\/www.lojameraki.pt\/novo\/wp-json\/wp\/v2\/product_brand?post=6350"},{"taxonomy":"product_cat","embeddable":true,"href":"https:\/\/www.lojameraki.pt\/novo\/wp-json\/wp\/v2\/product_cat?post=6350"},{"taxonomy":"product_tag","embeddable":true,"href":"https:\/\/www.lojameraki.pt\/novo\/wp-json\/wp\/v2\/product_tag?post=6350"}],"curies":[{"name":"wp","href":"https:\/\/api.w.org\/{rel}","templated":true}]}}