{"id":6354,"date":"2022-12-05T19:04:00","date_gmt":"2022-12-05T19:04:00","guid":{"rendered":"https:\/\/www.lojameraki.pt\/novo\/?post_type=product&#038;p=6354"},"modified":"2022-12-22T10:43:25","modified_gmt":"2022-12-22T10:43:25","slug":"salt-timber-knits-from-the-northern-coast","status":"publish","type":"product","link":"https:\/\/www.lojameraki.pt\/novo\/product\/salt-timber-knits-from-the-northern-coast\/","title":{"rendered":"Salt &#038; Timber &#8211; Knits From The Northern Coast"},"content":{"rendered":"<p>Salt &amp; Timber &#8211; Knits From The Northern Coast<\/p>\n<p>Lindsey Fowler<\/p>\n<p>Laine Publishing<\/p>\n<p>Um livro belo, simples, com 15 modelos inspirados na Costa Norte dos Estados Unidos, perto da zona de resid\u00eancia da autora e da sua fam\u00edlia. Instru\u00e7\u00f5es \u00a0escritas e tamb\u00e9m em gr\u00e1ficos.<\/p>\n","protected":false},"excerpt":{"rendered":"<p>Salt &amp; Timber &#8211; Knits From The Northern Coast Lindsey Fowler Laine Publishing Um livro belo, simples, com 15 modelos inspirados na Costa Norte dos Estados Unidos, perto da zona de resid\u00eancia da autora e da sua fam\u00edlia. Instru\u00e7\u00f5es \u00a0escritas e tamb\u00e9m em gr\u00e1ficos.<\/p>\n","protected":false},"featured_media":6355,"template":"","meta":{"_et_pb_use_builder":"","_et_pb_old_content":"","_et_gb_content_width":""},"product_brand":[],"product_cat":[210],"product_tag":[],"class_list":{"0":"post-6354","1":"product","2":"type-product","3":"status-publish","4":"has-post-thumbnail","6":"product_cat-publicacoes-revistas","8":"first","9":"instock","10":"shipping-taxable","11":"purchasable","12":"product-type-simple"},"_links":{"self":[{"href":"https:\/\/www.lojameraki.pt\/novo\/wp-json\/wp\/v2\/product\/6354","targetHints":{"allow":["GET"]}}],"collection":[{"href":"https:\/\/www.lojameraki.pt\/novo\/wp-json\/wp\/v2\/product"}],"about":[{"href":"https:\/\/www.lojameraki.pt\/novo\/wp-json\/wp\/v2\/types\/product"}],"wp:featuredmedia":[{"embeddable":true,"href":"https:\/\/www.lojameraki.pt\/novo\/wp-json\/wp\/v2\/media\/6355"}],"wp:attachment":[{"href":"https:\/\/www.lojameraki.pt\/novo\/wp-json\/wp\/v2\/media?parent=6354"}],"wp:term":[{"taxonomy":"product_brand","embeddable":true,"href":"https:\/\/www.lojameraki.pt\/novo\/wp-json\/wp\/v2\/product_brand?post=6354"},{"taxonomy":"product_cat","embeddable":true,"href":"https:\/\/www.lojameraki.pt\/novo\/wp-json\/wp\/v2\/product_cat?post=6354"},{"taxonomy":"product_tag","embeddable":true,"href":"https:\/\/www.lojameraki.pt\/novo\/wp-json\/wp\/v2\/product_tag?post=6354"}],"curies":[{"name":"wp","href":"https:\/\/api.w.org\/{rel}","templated":true}]}}