{"id":6390,"date":"2022-12-07T12:26:38","date_gmt":"2022-12-07T12:26:38","guid":{"rendered":"https:\/\/www.lojameraki.pt\/novo\/?post_type=product&#038;p=6390"},"modified":"2024-04-03T14:16:33","modified_gmt":"2024-04-03T14:16:33","slug":"regia-premium-silk-rose-red-080","status":"publish","type":"product","link":"https:\/\/www.lojameraki.pt\/novo\/product\/regia-premium-silk-rose-red-080\/","title":{"rendered":"Regia Premium &#8211; Silk  Rose Red 080"},"content":{"rendered":"<p>Regia Premium &#8211; Silk Rose Red 080<\/p>\n<p>Composi\u00e7\u00e3o:\u00a0 58%\u00a0 l\u00e3; 28% poliamida; 14 % yak<\/p>\n<p>Peso: 100 gramas<\/p>\n<p>Comprimento: 400 metros\u00a0 | Fingering<\/p>\n<p>Agulhas: 2 &#8211; 3 mm<\/p>\n<p>Amostra: 30 malhas por 42 carreiras\u00a0 (10 x 10 cm)<\/p>\n<p>Lavar \u00e0 m\u00e1quina at\u00e9 30\u00ba<\/p>\n","protected":false},"excerpt":{"rendered":"<p>Regia Premium &#8211; Silk Rose Red 080 Composi\u00e7\u00e3o:\u00a0 58%\u00a0 l\u00e3; 28% poliamida; 14 % yak Peso: 100 gramas Comprimento: 400 metros\u00a0 | Fingering Agulhas: 2 &#8211; 3 mm Amostra: 30 malhas por 42 carreiras\u00a0 (10 x 10 cm) Lavar \u00e0 m\u00e1quina at\u00e9 30\u00ba<\/p>\n","protected":false},"featured_media":6392,"template":"","meta":{"_et_pb_use_builder":"","_et_pb_old_content":"","_et_gb_content_width":""},"product_brand":[],"product_cat":[22,23,87,20,70,21,25,76,259,108,74],"product_tag":[],"class_list":{"0":"post-6390","1":"product","2":"type-product","3":"status-publish","4":"has-post-thumbnail","6":"product_cat-composicao","7":"product_cat-espessura","8":"product_cat-fingering","9":"product_cat-fios","10":"product_cat-la","11":"product_cat-marcas","12":"product_cat-meias","13":"product_cat-poliamida-nylon","14":"product_cat-regia-premium","15":"product_cat-regia-marcas","16":"product_cat-seda","18":"first","19":"instock","20":"shipping-taxable","21":"purchasable","22":"product-type-simple"},"_links":{"self":[{"href":"https:\/\/www.lojameraki.pt\/novo\/wp-json\/wp\/v2\/product\/6390","targetHints":{"allow":["GET"]}}],"collection":[{"href":"https:\/\/www.lojameraki.pt\/novo\/wp-json\/wp\/v2\/product"}],"about":[{"href":"https:\/\/www.lojameraki.pt\/novo\/wp-json\/wp\/v2\/types\/product"}],"wp:featuredmedia":[{"embeddable":true,"href":"https:\/\/www.lojameraki.pt\/novo\/wp-json\/wp\/v2\/media\/6392"}],"wp:attachment":[{"href":"https:\/\/www.lojameraki.pt\/novo\/wp-json\/wp\/v2\/media?parent=6390"}],"wp:term":[{"taxonomy":"product_brand","embeddable":true,"href":"https:\/\/www.lojameraki.pt\/novo\/wp-json\/wp\/v2\/product_brand?post=6390"},{"taxonomy":"product_cat","embeddable":true,"href":"https:\/\/www.lojameraki.pt\/novo\/wp-json\/wp\/v2\/product_cat?post=6390"},{"taxonomy":"product_tag","embeddable":true,"href":"https:\/\/www.lojameraki.pt\/novo\/wp-json\/wp\/v2\/product_tag?post=6390"}],"curies":[{"name":"wp","href":"https:\/\/api.w.org\/{rel}","templated":true}]}}