{"id":6406,"date":"2022-12-15T12:45:56","date_gmt":"2022-12-15T12:45:56","guid":{"rendered":"https:\/\/www.lojameraki.pt\/novo\/?post_type=product&#038;p=6406"},"modified":"2026-03-19T11:32:02","modified_gmt":"2026-03-19T11:32:02","slug":"52-weeks-of-easy-knits","status":"publish","type":"product","link":"https:\/\/www.lojameraki.pt\/novo\/product\/52-weeks-of-easy-knits\/","title":{"rendered":"52 Weeks of Easy knits"},"content":{"rendered":"<p>52 Weeks of Easy knits<\/p>\n<p>Laine<\/p>\n<p><em>52 Weeks of Easy Knits<\/em>\u00a0inclui 52 modelos simples para\u00a0<em>tricot<\/em>, desde de gorros,\u00a0<em>mittens<\/em>\u00a0(luvas sem a separa\u00e7\u00e3o dos dedos) e cachec\u00f3is a camisolas, meias ou casacos. Os designs s\u00e3o divertidos, confort\u00e1veis e modernos mas, acima de tudo, agrad\u00e1veis de tricotar.<\/p>\n","protected":false},"excerpt":{"rendered":"<p>52 Weeks of Easy knits Laine 52 Weeks of Easy Knits\u00a0inclui 52 modelos simples para\u00a0tricot, desde de gorros,\u00a0mittens\u00a0(luvas sem a separa\u00e7\u00e3o dos dedos) e cachec\u00f3is a camisolas, meias ou casacos. Os designs s\u00e3o divertidos, confort\u00e1veis e modernos mas, acima de tudo, agrad\u00e1veis de tricotar.<\/p>\n","protected":false},"featured_media":6407,"template":"","meta":{"_et_pb_use_builder":"","_et_pb_old_content":"","_et_gb_content_width":""},"product_brand":[],"product_cat":[210],"product_tag":[],"class_list":{"0":"post-6406","1":"product","2":"type-product","3":"status-publish","4":"has-post-thumbnail","6":"product_cat-publicacoes-revistas","8":"first","9":"outofstock","10":"shipping-taxable","11":"purchasable","12":"product-type-simple"},"_links":{"self":[{"href":"https:\/\/www.lojameraki.pt\/novo\/wp-json\/wp\/v2\/product\/6406","targetHints":{"allow":["GET"]}}],"collection":[{"href":"https:\/\/www.lojameraki.pt\/novo\/wp-json\/wp\/v2\/product"}],"about":[{"href":"https:\/\/www.lojameraki.pt\/novo\/wp-json\/wp\/v2\/types\/product"}],"wp:featuredmedia":[{"embeddable":true,"href":"https:\/\/www.lojameraki.pt\/novo\/wp-json\/wp\/v2\/media\/6407"}],"wp:attachment":[{"href":"https:\/\/www.lojameraki.pt\/novo\/wp-json\/wp\/v2\/media?parent=6406"}],"wp:term":[{"taxonomy":"product_brand","embeddable":true,"href":"https:\/\/www.lojameraki.pt\/novo\/wp-json\/wp\/v2\/product_brand?post=6406"},{"taxonomy":"product_cat","embeddable":true,"href":"https:\/\/www.lojameraki.pt\/novo\/wp-json\/wp\/v2\/product_cat?post=6406"},{"taxonomy":"product_tag","embeddable":true,"href":"https:\/\/www.lojameraki.pt\/novo\/wp-json\/wp\/v2\/product_tag?post=6406"}],"curies":[{"name":"wp","href":"https:\/\/api.w.org\/{rel}","templated":true}]}}