{"id":6481,"date":"2023-01-11T15:21:19","date_gmt":"2023-01-11T15:21:19","guid":{"rendered":"https:\/\/www.lojameraki.pt\/novo\/?post_type=product&#038;p=6481"},"modified":"2025-10-29T10:55:20","modified_gmt":"2025-10-29T10:55:20","slug":"millenium-03","status":"publish","type":"product","link":"https:\/\/www.lojameraki.pt\/novo\/product\/millenium-03\/","title":{"rendered":"Millenium 03"},"content":{"rendered":"<p>Millenium 03<\/p>\n<p>Composi\u00e7\u00e3o:\u00a0 100% L\u00e3<\/p>\n<p>Peso: 100 gramas<\/p>\n<p>Comprimento: 60 metros\u00a0 | Bulky<\/p>\n<p>Agulhas: 12 mm<\/p>\n<p>Amostra: 11 malhas por 19 carreiras\u00a0 (10 cm x 10 cm)<\/p>\n<p>Lav\u00e1vel \u00e0 m\u00e3o<\/p>\n","protected":false},"excerpt":{"rendered":"<p>Millenium 03 Composi\u00e7\u00e3o:\u00a0 100% L\u00e3 Peso: 100 gramas Comprimento: 60 metros\u00a0 | Bulky Agulhas: 12 mm Amostra: 11 malhas por 19 carreiras\u00a0 (10 cm x 10 cm) Lav\u00e1vel \u00e0 m\u00e3o<\/p>\n","protected":false},"featured_media":6482,"template":"","meta":{"_et_pb_use_builder":"","_et_pb_old_content":"","_et_gb_content_width":""},"product_brand":[],"product_cat":[90,22,23,20,70,21,408,95],"product_tag":[],"class_list":{"0":"post-6481","1":"product","2":"type-product","3":"status-publish","4":"has-post-thumbnail","6":"product_cat-bulky","7":"product_cat-composicao","8":"product_cat-espessura","9":"product_cat-fios","10":"product_cat-la","11":"product_cat-marcas","12":"product_cat-millenium","13":"product_cat-rosarios-4-marcas","15":"first","16":"outofstock","17":"shipping-taxable","18":"purchasable","19":"product-type-simple"},"_links":{"self":[{"href":"https:\/\/www.lojameraki.pt\/novo\/wp-json\/wp\/v2\/product\/6481","targetHints":{"allow":["GET"]}}],"collection":[{"href":"https:\/\/www.lojameraki.pt\/novo\/wp-json\/wp\/v2\/product"}],"about":[{"href":"https:\/\/www.lojameraki.pt\/novo\/wp-json\/wp\/v2\/types\/product"}],"wp:featuredmedia":[{"embeddable":true,"href":"https:\/\/www.lojameraki.pt\/novo\/wp-json\/wp\/v2\/media\/6482"}],"wp:attachment":[{"href":"https:\/\/www.lojameraki.pt\/novo\/wp-json\/wp\/v2\/media?parent=6481"}],"wp:term":[{"taxonomy":"product_brand","embeddable":true,"href":"https:\/\/www.lojameraki.pt\/novo\/wp-json\/wp\/v2\/product_brand?post=6481"},{"taxonomy":"product_cat","embeddable":true,"href":"https:\/\/www.lojameraki.pt\/novo\/wp-json\/wp\/v2\/product_cat?post=6481"},{"taxonomy":"product_tag","embeddable":true,"href":"https:\/\/www.lojameraki.pt\/novo\/wp-json\/wp\/v2\/product_tag?post=6481"}],"curies":[{"name":"wp","href":"https:\/\/api.w.org\/{rel}","templated":true}]}}