{"id":6542,"date":"2023-02-02T12:48:52","date_gmt":"2023-02-02T12:48:52","guid":{"rendered":"https:\/\/www.lojameraki.pt\/novo\/?post_type=product&#038;p=6542"},"modified":"2025-01-15T10:26:02","modified_gmt":"2025-01-15T10:26:02","slug":"regia-tweed-4-ply-70","status":"publish","type":"product","link":"https:\/\/www.lojameraki.pt\/novo\/product\/regia-tweed-4-ply-70\/","title":{"rendered":"Regia Tweed 4 ply 70"},"content":{"rendered":"<p>Regia Tweed 4 ply 70<\/p>\n<p>Composi\u00e7\u00e3o:\u00a0 70% L\u00e3;\u00a0 25% Poliamida;\u00a0 5% Viscose<\/p>\n<p>Peso: 100 gramas<\/p>\n<p>Comprimento: 400 metros\u00a0 | Fingering<\/p>\n<p>Agulhas: 2-3 mm<\/p>\n<p>Amostra: 30 malhas x 42 carreiras (10 cm)<\/p>\n<p>Lav\u00e1vel \u00e0 m\u00e1quina<\/p>\n<p>&nbsp;<\/p>\n","protected":false},"excerpt":{"rendered":"<p>Regia Tweed 4 ply 70 Composi\u00e7\u00e3o:\u00a0 70% L\u00e3;\u00a0 25% Poliamida;\u00a0 5% Viscose Peso: 100 gramas Comprimento: 400 metros\u00a0 | Fingering Agulhas: 2-3 mm Amostra: 30 malhas x 42 carreiras (10 cm) Lav\u00e1vel \u00e0 m\u00e1quina &nbsp;<\/p>\n","protected":false},"featured_media":6543,"template":"","meta":{"_et_pb_use_builder":"","_et_pb_old_content":"","_et_gb_content_width":""},"product_brand":[],"product_cat":[23,87,20,70,21,25,76,361,108,80],"product_tag":[],"class_list":{"0":"post-6542","1":"product","2":"type-product","3":"status-publish","4":"has-post-thumbnail","6":"product_cat-espessura","7":"product_cat-fingering","8":"product_cat-fios","9":"product_cat-la","10":"product_cat-marcas","11":"product_cat-meias","12":"product_cat-poliamida-nylon","13":"product_cat-regia-tweed","14":"product_cat-regia-marcas","15":"product_cat-viscose","17":"first","18":"instock","19":"shipping-taxable","20":"purchasable","21":"product-type-simple"},"_links":{"self":[{"href":"https:\/\/www.lojameraki.pt\/novo\/wp-json\/wp\/v2\/product\/6542","targetHints":{"allow":["GET"]}}],"collection":[{"href":"https:\/\/www.lojameraki.pt\/novo\/wp-json\/wp\/v2\/product"}],"about":[{"href":"https:\/\/www.lojameraki.pt\/novo\/wp-json\/wp\/v2\/types\/product"}],"wp:featuredmedia":[{"embeddable":true,"href":"https:\/\/www.lojameraki.pt\/novo\/wp-json\/wp\/v2\/media\/6543"}],"wp:attachment":[{"href":"https:\/\/www.lojameraki.pt\/novo\/wp-json\/wp\/v2\/media?parent=6542"}],"wp:term":[{"taxonomy":"product_brand","embeddable":true,"href":"https:\/\/www.lojameraki.pt\/novo\/wp-json\/wp\/v2\/product_brand?post=6542"},{"taxonomy":"product_cat","embeddable":true,"href":"https:\/\/www.lojameraki.pt\/novo\/wp-json\/wp\/v2\/product_cat?post=6542"},{"taxonomy":"product_tag","embeddable":true,"href":"https:\/\/www.lojameraki.pt\/novo\/wp-json\/wp\/v2\/product_tag?post=6542"}],"curies":[{"name":"wp","href":"https:\/\/api.w.org\/{rel}","templated":true}]}}