{"id":6589,"date":"2023-02-14T17:38:16","date_gmt":"2023-02-14T17:38:16","guid":{"rendered":"https:\/\/www.lojameraki.pt\/novo\/?post_type=product&#038;p=6589"},"modified":"2024-10-16T16:21:48","modified_gmt":"2024-10-16T16:21:48","slug":"ic-symfonie-wood-9-mm-2","status":"publish","type":"product","link":"https:\/\/www.lojameraki.pt\/novo\/product\/ic-symfonie-wood-9-mm-2\/","title":{"rendered":"IC Symfonie Wood 9 mm"},"content":{"rendered":"<p>Agulhas &#8211; Pontas intercambi\u00e1veis\u00a0 Symfonie Wood da Knit Pro<\/p>\n<p>Tamanho: 9 mm<\/p>\n<p>Adapta-se a cabos a partir de 60 cm.<\/p>\n<p>Com este tipo de agulhas poder\u00e1 tricotar v\u00e1rias pe\u00e7as com o mesmo par de agulhas, podendo deixar em espera os trabalhos nos cabos.<\/p>\n","protected":false},"excerpt":{"rendered":"<p>Agulhas &#8211; Pontas intercambi\u00e1veis\u00a0 Symfonie Wood da Knit Pro Tamanho: 9 mm Adapta-se a cabos a partir de 60 cm. Com este tipo de agulhas poder\u00e1 tricotar v\u00e1rias pe\u00e7as com o mesmo par de agulhas, podendo deixar em espera os trabalhos nos cabos.<\/p>\n","protected":false},"featured_media":918,"template":"","meta":{"_et_pb_use_builder":"","_et_pb_old_content":"","_et_gb_content_width":""},"product_brand":[],"product_cat":[28,130,206,207,29],"product_tag":[208],"class_list":{"0":"post-6589","1":"product","2":"type-product","3":"status-publish","4":"has-post-thumbnail","6":"product_cat-agulhas","7":"product_cat-knit-pro-tricot","8":"product_cat-marca","9":"product_cat-tipo","10":"product_cat-tricot","11":"product_tag-tricot","13":"first","14":"instock","15":"shipping-taxable","16":"purchasable","17":"product-type-simple"},"_links":{"self":[{"href":"https:\/\/www.lojameraki.pt\/novo\/wp-json\/wp\/v2\/product\/6589","targetHints":{"allow":["GET"]}}],"collection":[{"href":"https:\/\/www.lojameraki.pt\/novo\/wp-json\/wp\/v2\/product"}],"about":[{"href":"https:\/\/www.lojameraki.pt\/novo\/wp-json\/wp\/v2\/types\/product"}],"wp:featuredmedia":[{"embeddable":true,"href":"https:\/\/www.lojameraki.pt\/novo\/wp-json\/wp\/v2\/media\/918"}],"wp:attachment":[{"href":"https:\/\/www.lojameraki.pt\/novo\/wp-json\/wp\/v2\/media?parent=6589"}],"wp:term":[{"taxonomy":"product_brand","embeddable":true,"href":"https:\/\/www.lojameraki.pt\/novo\/wp-json\/wp\/v2\/product_brand?post=6589"},{"taxonomy":"product_cat","embeddable":true,"href":"https:\/\/www.lojameraki.pt\/novo\/wp-json\/wp\/v2\/product_cat?post=6589"},{"taxonomy":"product_tag","embeddable":true,"href":"https:\/\/www.lojameraki.pt\/novo\/wp-json\/wp\/v2\/product_tag?post=6589"}],"curies":[{"name":"wp","href":"https:\/\/api.w.org\/{rel}","templated":true}]}}