{"id":6607,"date":"2023-02-14T18:30:59","date_gmt":"2023-02-14T18:30:59","guid":{"rendered":"https:\/\/www.lojameraki.pt\/novo\/?post_type=product&#038;p=6607"},"modified":"2023-07-25T09:20:47","modified_gmt":"2023-07-25T09:20:47","slug":"ic-metal-mindful-lace-35-mm","status":"publish","type":"product","link":"https:\/\/www.lojameraki.pt\/novo\/product\/ic-metal-mindful-lace-35-mm\/","title":{"rendered":"IC Metal Mindful Lace 3,5 mm"},"content":{"rendered":"<p>Agulhas &#8211; Pontas intercambi\u00e1veis Metal Mindful Lace 3,5 mm<\/p>\n<p>Tamanho: 3,50 mm<\/p>\n<p>Adapta-se a cabos a partir de 60 cm.<\/p>\n<p>Com este tipo de agulhas poder\u00e1 tricotar v\u00e1rias pe\u00e7as com o mesmo par de agulhas, podendo deixar em espera os trabalhos nos cabos.<\/p>\n","protected":false},"excerpt":{"rendered":"<p>Agulhas &#8211; Pontas intercambi\u00e1veis Metal Mindful Lace 3,5 mm Tamanho: 3,50 mm Adapta-se a cabos a partir de 60 cm. Com este tipo de agulhas poder\u00e1 tricotar v\u00e1rias pe\u00e7as com o mesmo par de agulhas, podendo deixar em espera os trabalhos nos cabos.<\/p>\n","protected":false},"featured_media":6606,"template":"","meta":{"_et_pb_use_builder":"","_et_pb_old_content":"","_et_gb_content_width":""},"product_brand":[],"product_cat":[28,130,206,207,29],"product_tag":[208],"class_list":{"0":"post-6607","1":"product","2":"type-product","3":"status-publish","4":"has-post-thumbnail","6":"product_cat-agulhas","7":"product_cat-knit-pro-tricot","8":"product_cat-marca","9":"product_cat-tipo","10":"product_cat-tricot","11":"product_tag-tricot","13":"first","14":"instock","15":"shipping-taxable","16":"purchasable","17":"product-type-simple"},"_links":{"self":[{"href":"https:\/\/www.lojameraki.pt\/novo\/wp-json\/wp\/v2\/product\/6607","targetHints":{"allow":["GET"]}}],"collection":[{"href":"https:\/\/www.lojameraki.pt\/novo\/wp-json\/wp\/v2\/product"}],"about":[{"href":"https:\/\/www.lojameraki.pt\/novo\/wp-json\/wp\/v2\/types\/product"}],"wp:featuredmedia":[{"embeddable":true,"href":"https:\/\/www.lojameraki.pt\/novo\/wp-json\/wp\/v2\/media\/6606"}],"wp:attachment":[{"href":"https:\/\/www.lojameraki.pt\/novo\/wp-json\/wp\/v2\/media?parent=6607"}],"wp:term":[{"taxonomy":"product_brand","embeddable":true,"href":"https:\/\/www.lojameraki.pt\/novo\/wp-json\/wp\/v2\/product_brand?post=6607"},{"taxonomy":"product_cat","embeddable":true,"href":"https:\/\/www.lojameraki.pt\/novo\/wp-json\/wp\/v2\/product_cat?post=6607"},{"taxonomy":"product_tag","embeddable":true,"href":"https:\/\/www.lojameraki.pt\/novo\/wp-json\/wp\/v2\/product_tag?post=6607"}],"curies":[{"name":"wp","href":"https:\/\/api.w.org\/{rel}","templated":true}]}}