{"id":6624,"date":"2023-02-22T11:48:00","date_gmt":"2023-02-22T11:48:00","guid":{"rendered":"https:\/\/www.lojameraki.pt\/novo\/?post_type=product&#038;p=6624"},"modified":"2024-07-31T18:24:43","modified_gmt":"2024-07-31T18:24:43","slug":"malabrigo-ultimate-sock-black","status":"publish","type":"product","link":"https:\/\/www.lojameraki.pt\/novo\/product\/malabrigo-ultimate-sock-black\/","title":{"rendered":"Malabrigo Ultimate Sock Black"},"content":{"rendered":"<p>Malabrigo Ultimate Sock Black<\/p>\n<p>Composi\u00e7\u00e3o: 75% L\u00e3 merino; 25% Nylon<\/p>\n<p>Peso: 100 gramas<\/p>\n<p>Comprimento: 385 metros |\u00a0 Fingering<\/p>\n<p>Agulhas: 2,5 &#8211; 3,5 mm<\/p>\n<p>Amostra: 32 malhas\u00a0 (10 cm)<\/p>\n<p>lav\u00e1vel \u00e0 m\u00e1quina &#8211; superwash<\/p>\n","protected":false},"excerpt":{"rendered":"<p>Malabrigo Ultimate Sock Black Composi\u00e7\u00e3o: 75% L\u00e3 merino; 25% Nylon Peso: 100 gramas Comprimento: 385 metros |\u00a0 Fingering Agulhas: 2,5 &#8211; 3,5 mm Amostra: 32 malhas\u00a0 (10 cm) lav\u00e1vel \u00e0 m\u00e1quina &#8211; superwash<\/p>\n","protected":false},"featured_media":6623,"template":"","meta":{"_et_pb_use_builder":"","_et_pb_old_content":"","_et_gb_content_width":""},"product_brand":[],"product_cat":[22,23,87,20,71,98,21,76,413],"product_tag":[],"class_list":{"0":"post-6624","1":"product","2":"type-product","3":"status-publish","4":"has-post-thumbnail","6":"product_cat-composicao","7":"product_cat-espessura","8":"product_cat-fingering","9":"product_cat-fios","10":"product_cat-la-merino","11":"product_cat-malabrigo-marcas","12":"product_cat-marcas","13":"product_cat-poliamida-nylon","14":"product_cat-ultimate-sock","16":"first","17":"outofstock","18":"shipping-taxable","19":"purchasable","20":"product-type-simple"},"_links":{"self":[{"href":"https:\/\/www.lojameraki.pt\/novo\/wp-json\/wp\/v2\/product\/6624","targetHints":{"allow":["GET"]}}],"collection":[{"href":"https:\/\/www.lojameraki.pt\/novo\/wp-json\/wp\/v2\/product"}],"about":[{"href":"https:\/\/www.lojameraki.pt\/novo\/wp-json\/wp\/v2\/types\/product"}],"wp:featuredmedia":[{"embeddable":true,"href":"https:\/\/www.lojameraki.pt\/novo\/wp-json\/wp\/v2\/media\/6623"}],"wp:attachment":[{"href":"https:\/\/www.lojameraki.pt\/novo\/wp-json\/wp\/v2\/media?parent=6624"}],"wp:term":[{"taxonomy":"product_brand","embeddable":true,"href":"https:\/\/www.lojameraki.pt\/novo\/wp-json\/wp\/v2\/product_brand?post=6624"},{"taxonomy":"product_cat","embeddable":true,"href":"https:\/\/www.lojameraki.pt\/novo\/wp-json\/wp\/v2\/product_cat?post=6624"},{"taxonomy":"product_tag","embeddable":true,"href":"https:\/\/www.lojameraki.pt\/novo\/wp-json\/wp\/v2\/product_tag?post=6624"}],"curies":[{"name":"wp","href":"https:\/\/api.w.org\/{rel}","templated":true}]}}