{"id":6660,"date":"2023-02-24T16:14:24","date_gmt":"2023-02-24T16:14:24","guid":{"rendered":"https:\/\/www.lojameraki.pt\/novo\/?post_type=product&#038;p=6660"},"modified":"2025-01-15T10:26:02","modified_gmt":"2025-01-15T10:26:02","slug":"regia-4-ply-2094","status":"publish","type":"product","link":"https:\/\/www.lojameraki.pt\/novo\/product\/regia-4-ply-2094\/","title":{"rendered":"Regia 4 ply  2094"},"content":{"rendered":"<p>Regia 4 ply 2094 &#8211; azul neon<\/p>\n<p>Composi\u00e7\u00e3o:\u00a0 75% L\u00e3;\u00a0 25% Poliamida<\/p>\n<p>Peso: 50 gramas<\/p>\n<p>Comprimento: 210 metros\u00a0 | Fingering<\/p>\n<p>Agulhas: 2-3 mm<\/p>\n<p>Amostra: 30 malhas x 42 carreiras (10 cm)<\/p>\n<p>Lav\u00e1vel \u00e0 m\u00e1quina<\/p>\n<p>&nbsp;<\/p>\n","protected":false},"excerpt":{"rendered":"<p>Regia 4 ply 2094 &#8211; azul neon Composi\u00e7\u00e3o:\u00a0 75% L\u00e3;\u00a0 25% Poliamida Peso: 50 gramas Comprimento: 210 metros\u00a0 | Fingering Agulhas: 2-3 mm Amostra: 30 malhas x 42 carreiras (10 cm) Lav\u00e1vel \u00e0 m\u00e1quina &nbsp;<\/p>\n","protected":false},"featured_media":6652,"template":"","meta":{"_et_pb_use_builder":"","_et_pb_old_content":"","_et_gb_content_width":""},"product_brand":[],"product_cat":[23,87,20,70,21,25,76,417,108],"product_tag":[],"class_list":{"0":"post-6660","1":"product","2":"type-product","3":"status-publish","4":"has-post-thumbnail","6":"product_cat-espessura","7":"product_cat-fingering","8":"product_cat-fios","9":"product_cat-la","10":"product_cat-marcas","11":"product_cat-meias","12":"product_cat-poliamida-nylon","13":"product_cat-regia-4-ply-50g","14":"product_cat-regia-marcas","16":"first","17":"instock","18":"shipping-taxable","19":"purchasable","20":"product-type-simple"},"_links":{"self":[{"href":"https:\/\/www.lojameraki.pt\/novo\/wp-json\/wp\/v2\/product\/6660","targetHints":{"allow":["GET"]}}],"collection":[{"href":"https:\/\/www.lojameraki.pt\/novo\/wp-json\/wp\/v2\/product"}],"about":[{"href":"https:\/\/www.lojameraki.pt\/novo\/wp-json\/wp\/v2\/types\/product"}],"wp:featuredmedia":[{"embeddable":true,"href":"https:\/\/www.lojameraki.pt\/novo\/wp-json\/wp\/v2\/media\/6652"}],"wp:attachment":[{"href":"https:\/\/www.lojameraki.pt\/novo\/wp-json\/wp\/v2\/media?parent=6660"}],"wp:term":[{"taxonomy":"product_brand","embeddable":true,"href":"https:\/\/www.lojameraki.pt\/novo\/wp-json\/wp\/v2\/product_brand?post=6660"},{"taxonomy":"product_cat","embeddable":true,"href":"https:\/\/www.lojameraki.pt\/novo\/wp-json\/wp\/v2\/product_cat?post=6660"},{"taxonomy":"product_tag","embeddable":true,"href":"https:\/\/www.lojameraki.pt\/novo\/wp-json\/wp\/v2\/product_tag?post=6660"}],"curies":[{"name":"wp","href":"https:\/\/api.w.org\/{rel}","templated":true}]}}