{"id":671,"date":"2018-05-21T11:40:19","date_gmt":"2018-05-21T11:40:19","guid":{"rendered":"http:\/\/www.lojameraki.pt\/novo\/?post_type=product&#038;p=671"},"modified":"2026-04-14T17:30:56","modified_gmt":"2026-04-14T17:30:56","slug":"tahiti-07645","status":"publish","type":"product","link":"https:\/\/www.lojameraki.pt\/novo\/product\/tahiti-07645\/","title":{"rendered":"Tahiti 07645"},"content":{"rendered":"<p>Tahiti 07645<\/p>\n<p>Composi\u00e7\u00e3o: 99% Algod\u00e3o; 1% Poli\u00e9ster<\/p>\n<p>Peso: 50 gramas<\/p>\n<p>Comprimento: 280 metros\u00a0 | Light Fingering<\/p>\n<p>Agulhas: 2- 3 mm<\/p>\n<p>Amostra: 32 malhas por 48 carreiras\u00a0 \u00a0(10 cm x 10 cm )<\/p>\n<p>lav\u00e1vel \u00e0 m\u00e1quina 30\u00ba<\/p>\n","protected":false},"excerpt":{"rendered":"<p>Tahiti 07645 Composi\u00e7\u00e3o: 99% Algod\u00e3o; 1% Poli\u00e9ster Peso: 50 gramas Comprimento: 280 metros\u00a0 | Light Fingering Agulhas: 2- 3 mm Amostra: 32 malhas por 48 carreiras\u00a0 \u00a0(10 cm x 10 cm ) lav\u00e1vel \u00e0 m\u00e1quina 30\u00ba<\/p>\n","protected":false},"featured_media":677,"template":"","meta":{"_et_pb_use_builder":"","_et_pb_old_content":"","_et_gb_content_width":""},"product_brand":[],"product_cat":[77,22,23,348,20,113,21,85,26,109,188],"product_tag":[],"class_list":{"0":"post-671","1":"product","2":"type-product","3":"status-publish","4":"has-post-thumbnail","6":"product_cat-algodao","7":"product_cat-composicao","8":"product_cat-espessura","9":"product_cat-fim-de-stock","10":"product_cat-fios","11":"product_cat-light-fingering","12":"product_cat-marcas","13":"product_cat-poliester","14":"product_cat-primavera-verao","15":"product_cat-schachenmayr-marcas","16":"product_cat-tahiti","18":"first","19":"instock","20":"shipping-taxable","21":"purchasable","22":"product-type-simple"},"_links":{"self":[{"href":"https:\/\/www.lojameraki.pt\/novo\/wp-json\/wp\/v2\/product\/671","targetHints":{"allow":["GET"]}}],"collection":[{"href":"https:\/\/www.lojameraki.pt\/novo\/wp-json\/wp\/v2\/product"}],"about":[{"href":"https:\/\/www.lojameraki.pt\/novo\/wp-json\/wp\/v2\/types\/product"}],"wp:featuredmedia":[{"embeddable":true,"href":"https:\/\/www.lojameraki.pt\/novo\/wp-json\/wp\/v2\/media\/677"}],"wp:attachment":[{"href":"https:\/\/www.lojameraki.pt\/novo\/wp-json\/wp\/v2\/media?parent=671"}],"wp:term":[{"taxonomy":"product_brand","embeddable":true,"href":"https:\/\/www.lojameraki.pt\/novo\/wp-json\/wp\/v2\/product_brand?post=671"},{"taxonomy":"product_cat","embeddable":true,"href":"https:\/\/www.lojameraki.pt\/novo\/wp-json\/wp\/v2\/product_cat?post=671"},{"taxonomy":"product_tag","embeddable":true,"href":"https:\/\/www.lojameraki.pt\/novo\/wp-json\/wp\/v2\/product_tag?post=671"}],"curies":[{"name":"wp","href":"https:\/\/api.w.org\/{rel}","templated":true}]}}