{"id":6722,"date":"2023-02-28T18:52:36","date_gmt":"2023-02-28T18:52:36","guid":{"rendered":"https:\/\/www.lojameraki.pt\/novo\/?post_type=product&#038;p=6722"},"modified":"2025-10-01T14:08:12","modified_gmt":"2025-10-01T14:08:12","slug":"summerlite-dk-450","status":"publish","type":"product","link":"https:\/\/www.lojameraki.pt\/novo\/product\/summerlite-dk-450\/","title":{"rendered":"Summerlite DK 450"},"content":{"rendered":"<p>Summerlite DK 450<\/p>\n<p>Composi\u00e7\u00e3o:\u00a0 100% algod\u00e3o eg\u00edpcio<\/p>\n<p>Peso: 50 gramas<\/p>\n<p>Comprimento: 130 metros\u00a0 | DK<\/p>\n<p>Agulhas: 3.75 mm<\/p>\n<p>Amostra: 22 malhas x 30 carreiras (10 cm)<\/p>\n<p>Lav\u00e1vel \u00e0 m\u00e1quina<\/p>\n<p>&nbsp;<\/p>\n","protected":false},"excerpt":{"rendered":"<p>Summerlite\u00a0 \u00e9 um algod\u00e3o eg\u00edpcio muito macio e com boa defini\u00e7\u00e3o de ponto.<\/p>\n","protected":false},"featured_media":6705,"template":"","meta":{"_et_pb_use_builder":"","_et_pb_old_content":"","_et_gb_content_width":""},"product_brand":[],"product_cat":[77,88,23,20,21,26,107,415],"product_tag":[],"class_list":{"0":"post-6722","1":"product","2":"type-product","3":"status-publish","4":"has-post-thumbnail","6":"product_cat-algodao","7":"product_cat-dk","8":"product_cat-espessura","9":"product_cat-fios","10":"product_cat-marcas","11":"product_cat-primavera-verao","12":"product_cat-rowan-marcas","13":"product_cat-summerlite-dk","15":"first","16":"instock","17":"shipping-taxable","18":"purchasable","19":"product-type-simple"},"_links":{"self":[{"href":"https:\/\/www.lojameraki.pt\/novo\/wp-json\/wp\/v2\/product\/6722","targetHints":{"allow":["GET"]}}],"collection":[{"href":"https:\/\/www.lojameraki.pt\/novo\/wp-json\/wp\/v2\/product"}],"about":[{"href":"https:\/\/www.lojameraki.pt\/novo\/wp-json\/wp\/v2\/types\/product"}],"wp:featuredmedia":[{"embeddable":true,"href":"https:\/\/www.lojameraki.pt\/novo\/wp-json\/wp\/v2\/media\/6705"}],"wp:attachment":[{"href":"https:\/\/www.lojameraki.pt\/novo\/wp-json\/wp\/v2\/media?parent=6722"}],"wp:term":[{"taxonomy":"product_brand","embeddable":true,"href":"https:\/\/www.lojameraki.pt\/novo\/wp-json\/wp\/v2\/product_brand?post=6722"},{"taxonomy":"product_cat","embeddable":true,"href":"https:\/\/www.lojameraki.pt\/novo\/wp-json\/wp\/v2\/product_cat?post=6722"},{"taxonomy":"product_tag","embeddable":true,"href":"https:\/\/www.lojameraki.pt\/novo\/wp-json\/wp\/v2\/product_tag?post=6722"}],"curies":[{"name":"wp","href":"https:\/\/api.w.org\/{rel}","templated":true}]}}