{"id":6734,"date":"2023-03-06T18:57:27","date_gmt":"2023-03-06T18:57:27","guid":{"rendered":"https:\/\/www.lojameraki.pt\/novo\/?post_type=product&#038;p=6734"},"modified":"2025-09-16T15:01:40","modified_gmt":"2025-09-16T15:01:40","slug":"magnum-tweed-661","status":"publish","type":"product","link":"https:\/\/www.lojameraki.pt\/novo\/product\/magnum-tweed-661\/","title":{"rendered":"Magnum Tweed 661"},"content":{"rendered":"<p>Magnum Tweed 661<\/p>\n<p>Composi\u00e7\u00e3o: 20% l\u00e3; 74% acr\u00edlico; 6% viscose<\/p>\n<p>Peso: 400 gramas<\/p>\n<p>Comprimento: 840 metros | Aran<\/p>\n<p>Agulhas: 5 mm<\/p>\n<p>Amostra:\u00a0 18 malhas por 24 carreiras\u00a0 \u00a0(10 x 10 cm)<\/p>\n<p>&nbsp;<\/p>\n","protected":false},"excerpt":{"rendered":"<p>Magnum Tweed 661 Composi\u00e7\u00e3o: 20% l\u00e3; 74% acr\u00edlico; 6% viscose Peso: 400 gramas Comprimento: 840 metros | Aran Agulhas: 5 mm Amostra:\u00a0 18 malhas por 24 carreiras\u00a0 \u00a0(10 x 10 cm) &nbsp;<\/p>\n","protected":false},"featured_media":6735,"template":"","meta":{"_et_pb_use_builder":"","_et_pb_old_content":"","_et_gb_content_width":""},"product_brand":[],"product_cat":[82,112,22,331,23,20,70,342,21,80],"product_tag":[],"class_list":{"0":"post-6734","1":"product","2":"type-product","3":"status-publish","4":"has-post-thumbnail","6":"product_cat-acrilico","7":"product_cat-aran","8":"product_cat-composicao","9":"product_cat-dmc","10":"product_cat-espessura","11":"product_cat-fios","12":"product_cat-la","13":"product_cat-magnum-tweed","14":"product_cat-marcas","15":"product_cat-viscose","17":"first","18":"outofstock","19":"shipping-taxable","20":"purchasable","21":"product-type-simple"},"_links":{"self":[{"href":"https:\/\/www.lojameraki.pt\/novo\/wp-json\/wp\/v2\/product\/6734","targetHints":{"allow":["GET"]}}],"collection":[{"href":"https:\/\/www.lojameraki.pt\/novo\/wp-json\/wp\/v2\/product"}],"about":[{"href":"https:\/\/www.lojameraki.pt\/novo\/wp-json\/wp\/v2\/types\/product"}],"wp:featuredmedia":[{"embeddable":true,"href":"https:\/\/www.lojameraki.pt\/novo\/wp-json\/wp\/v2\/media\/6735"}],"wp:attachment":[{"href":"https:\/\/www.lojameraki.pt\/novo\/wp-json\/wp\/v2\/media?parent=6734"}],"wp:term":[{"taxonomy":"product_brand","embeddable":true,"href":"https:\/\/www.lojameraki.pt\/novo\/wp-json\/wp\/v2\/product_brand?post=6734"},{"taxonomy":"product_cat","embeddable":true,"href":"https:\/\/www.lojameraki.pt\/novo\/wp-json\/wp\/v2\/product_cat?post=6734"},{"taxonomy":"product_tag","embeddable":true,"href":"https:\/\/www.lojameraki.pt\/novo\/wp-json\/wp\/v2\/product_tag?post=6734"}],"curies":[{"name":"wp","href":"https:\/\/api.w.org\/{rel}","templated":true}]}}