{"id":6752,"date":"2023-03-17T16:00:43","date_gmt":"2023-03-17T16:00:43","guid":{"rendered":"https:\/\/www.lojameraki.pt\/novo\/?post_type=product&#038;p=6752"},"modified":"2025-02-19T16:43:37","modified_gmt":"2025-02-19T16:43:37","slug":"ciranda-09","status":"publish","type":"product","link":"https:\/\/www.lojameraki.pt\/novo\/product\/ciranda-09\/","title":{"rendered":"Ciranda 09"},"content":{"rendered":"<p>Ciranda 09<\/p>\n<p>Composi\u00e7\u00e3o: 48% linho; 24% algod\u00e3o; 24% viscose; 4% poli\u00e9ster<\/p>\n<p>Peso: 50 gramas<\/p>\n<p>Comprimento: 125 metros | Sport<\/p>\n<p>Agulhas: 3 &#8211; 3,5 mm<\/p>\n<p>Amostra:\u00a0 24 malhas por 35 carreiras\u00a0 \u00a0(10 x 10 cm)<\/p>\n<p>lavav\u00e9l na m\u00e1quina<\/p>\n","protected":false},"excerpt":{"rendered":"<p>Ciranda 09 Composi\u00e7\u00e3o: 48% linho; 24% algod\u00e3o; 24% viscose; 4% poli\u00e9ster Peso: 50 gramas Comprimento: 125 metros | Sport Agulhas: 3 &#8211; 3,5 mm Amostra:\u00a0 24 malhas por 35 carreiras\u00a0 \u00a0(10 x 10 cm) lavav\u00e9l na m\u00e1quina<\/p>\n","protected":false},"featured_media":6755,"template":"","meta":{"_et_pb_use_builder":"","_et_pb_old_content":"","_et_gb_content_width":""},"product_brand":[],"product_cat":[418,22,23,20,79,21,85,26,95,110,80],"product_tag":[],"class_list":{"0":"post-6752","1":"product","2":"type-product","3":"status-publish","4":"has-post-thumbnail","6":"product_cat-ciranda","7":"product_cat-composicao","8":"product_cat-espessura","9":"product_cat-fios","10":"product_cat-linho","11":"product_cat-marcas","12":"product_cat-poliester","13":"product_cat-primavera-verao","14":"product_cat-rosarios-4-marcas","15":"product_cat-sport","16":"product_cat-viscose","18":"first","19":"instock","20":"shipping-taxable","21":"purchasable","22":"product-type-simple"},"_links":{"self":[{"href":"https:\/\/www.lojameraki.pt\/novo\/wp-json\/wp\/v2\/product\/6752","targetHints":{"allow":["GET"]}}],"collection":[{"href":"https:\/\/www.lojameraki.pt\/novo\/wp-json\/wp\/v2\/product"}],"about":[{"href":"https:\/\/www.lojameraki.pt\/novo\/wp-json\/wp\/v2\/types\/product"}],"wp:featuredmedia":[{"embeddable":true,"href":"https:\/\/www.lojameraki.pt\/novo\/wp-json\/wp\/v2\/media\/6755"}],"wp:attachment":[{"href":"https:\/\/www.lojameraki.pt\/novo\/wp-json\/wp\/v2\/media?parent=6752"}],"wp:term":[{"taxonomy":"product_brand","embeddable":true,"href":"https:\/\/www.lojameraki.pt\/novo\/wp-json\/wp\/v2\/product_brand?post=6752"},{"taxonomy":"product_cat","embeddable":true,"href":"https:\/\/www.lojameraki.pt\/novo\/wp-json\/wp\/v2\/product_cat?post=6752"},{"taxonomy":"product_tag","embeddable":true,"href":"https:\/\/www.lojameraki.pt\/novo\/wp-json\/wp\/v2\/product_tag?post=6752"}],"curies":[{"name":"wp","href":"https:\/\/api.w.org\/{rel}","templated":true}]}}