{"id":6783,"date":"2023-03-17T17:43:19","date_gmt":"2023-03-17T17:43:19","guid":{"rendered":"https:\/\/www.lojameraki.pt\/novo\/?post_type=product&#038;p=6783"},"modified":"2026-03-28T12:44:14","modified_gmt":"2026-03-28T12:44:14","slug":"sunset-18","status":"publish","type":"product","link":"https:\/\/www.lojameraki.pt\/novo\/product\/sunset-18\/","title":{"rendered":"Sunset 18"},"content":{"rendered":"<p>Sunset 18<\/p>\n<p>Composi\u00e7\u00e3o: 100% algod\u00e3o org\u00e2nico<\/p>\n<p>Peso: 100 gramas<\/p>\n<p>Comprimento: 110 metros | aran<\/p>\n<p>Agulhas: 5 -6 mm<\/p>\n<p>Amostra:\u00a0 15 malhas por 24 carreiras\u00a0 \u00a0(10 x 10 cm)<\/p>\n<p>lav\u00e1vel na m\u00e1quina<\/p>\n","protected":false},"excerpt":{"rendered":"<p>Sunset 18 Composi\u00e7\u00e3o: 100% algod\u00e3o org\u00e2nico Peso: 100 gramas Comprimento: 110 metros | aran Agulhas: 5 -6 mm Amostra:\u00a0 15 malhas por 24 carreiras\u00a0 \u00a0(10 x 10 cm) lav\u00e1vel na m\u00e1quina<\/p>\n","protected":false},"featured_media":6779,"template":"","meta":{"_et_pb_use_builder":"","_et_pb_old_content":"","_et_gb_content_width":""},"product_brand":[],"product_cat":[77,112,22,23,20,21,26,95,420],"product_tag":[],"class_list":{"0":"post-6783","1":"product","2":"type-product","3":"status-publish","4":"has-post-thumbnail","6":"product_cat-algodao","7":"product_cat-aran","8":"product_cat-composicao","9":"product_cat-espessura","10":"product_cat-fios","11":"product_cat-marcas","12":"product_cat-primavera-verao","13":"product_cat-rosarios-4-marcas","14":"product_cat-sunset","16":"first","17":"instock","18":"shipping-taxable","19":"purchasable","20":"product-type-simple"},"_links":{"self":[{"href":"https:\/\/www.lojameraki.pt\/novo\/wp-json\/wp\/v2\/product\/6783","targetHints":{"allow":["GET"]}}],"collection":[{"href":"https:\/\/www.lojameraki.pt\/novo\/wp-json\/wp\/v2\/product"}],"about":[{"href":"https:\/\/www.lojameraki.pt\/novo\/wp-json\/wp\/v2\/types\/product"}],"wp:featuredmedia":[{"embeddable":true,"href":"https:\/\/www.lojameraki.pt\/novo\/wp-json\/wp\/v2\/media\/6779"}],"wp:attachment":[{"href":"https:\/\/www.lojameraki.pt\/novo\/wp-json\/wp\/v2\/media?parent=6783"}],"wp:term":[{"taxonomy":"product_brand","embeddable":true,"href":"https:\/\/www.lojameraki.pt\/novo\/wp-json\/wp\/v2\/product_brand?post=6783"},{"taxonomy":"product_cat","embeddable":true,"href":"https:\/\/www.lojameraki.pt\/novo\/wp-json\/wp\/v2\/product_cat?post=6783"},{"taxonomy":"product_tag","embeddable":true,"href":"https:\/\/www.lojameraki.pt\/novo\/wp-json\/wp\/v2\/product_tag?post=6783"}],"curies":[{"name":"wp","href":"https:\/\/api.w.org\/{rel}","templated":true}]}}