{"id":6790,"date":"2023-03-24T15:08:35","date_gmt":"2023-03-24T15:08:35","guid":{"rendered":"https:\/\/www.lojameraki.pt\/novo\/?post_type=product&#038;p=6790"},"modified":"2025-06-16T21:13:38","modified_gmt":"2025-06-16T21:13:38","slug":"cabos-360o-para-agulhas-intercambiaveis-100-cm-2","status":"publish","type":"product","link":"https:\/\/www.lojameraki.pt\/novo\/product\/cabos-360o-para-agulhas-intercambiaveis-100-cm-2\/","title":{"rendered":"Cabos 360\u00ba  para agulhas intercambi\u00e1veis &#8211; 100 cm"},"content":{"rendered":"<p>Cabos 360\u00ba para agulhas intercambi\u00e1veis &#8211; 100 cm<\/p>\n<p>Cabo rotativo, sem mem\u00f3ria, terminais e chave. Compat\u00edveis com todo o tipo de agulhas intercambi\u00e1veis da Knit Pro<\/p>\n<p>&nbsp;<\/p>\n","protected":false},"excerpt":{"rendered":"<p>Cabos 360\u00ba para agulhas intercambi\u00e1veis &#8211; 100 cm Cabo rotativo, sem mem\u00f3ria, terminais e chave. Compat\u00edveis com todo o tipo de agulhas intercambi\u00e1veis da Knit Pro &nbsp;<\/p>\n","protected":false},"featured_media":6572,"template":"","meta":{"_et_pb_use_builder":"","_et_pb_old_content":"","_et_gb_content_width":""},"product_brand":[],"product_cat":[187,28,204,130,206,207,449,29],"product_tag":[],"class_list":{"0":"post-6790","1":"product","2":"type-product","3":"status-publish","4":"has-post-thumbnail","6":"product_cat-acessorios","7":"product_cat-agulhas","8":"product_cat-cabos-e-conectores","9":"product_cat-knit-pro-tricot","10":"product_cat-marca","11":"product_cat-tipo","12":"product_cat-tricot-e-crochet","13":"product_cat-tricot","15":"first","16":"outofstock","17":"shipping-taxable","18":"purchasable","19":"product-type-simple"},"_links":{"self":[{"href":"https:\/\/www.lojameraki.pt\/novo\/wp-json\/wp\/v2\/product\/6790","targetHints":{"allow":["GET"]}}],"collection":[{"href":"https:\/\/www.lojameraki.pt\/novo\/wp-json\/wp\/v2\/product"}],"about":[{"href":"https:\/\/www.lojameraki.pt\/novo\/wp-json\/wp\/v2\/types\/product"}],"wp:featuredmedia":[{"embeddable":true,"href":"https:\/\/www.lojameraki.pt\/novo\/wp-json\/wp\/v2\/media\/6572"}],"wp:attachment":[{"href":"https:\/\/www.lojameraki.pt\/novo\/wp-json\/wp\/v2\/media?parent=6790"}],"wp:term":[{"taxonomy":"product_brand","embeddable":true,"href":"https:\/\/www.lojameraki.pt\/novo\/wp-json\/wp\/v2\/product_brand?post=6790"},{"taxonomy":"product_cat","embeddable":true,"href":"https:\/\/www.lojameraki.pt\/novo\/wp-json\/wp\/v2\/product_cat?post=6790"},{"taxonomy":"product_tag","embeddable":true,"href":"https:\/\/www.lojameraki.pt\/novo\/wp-json\/wp\/v2\/product_tag?post=6790"}],"curies":[{"name":"wp","href":"https:\/\/api.w.org\/{rel}","templated":true}]}}