{"id":684,"date":"2018-05-21T12:05:35","date_gmt":"2018-05-21T12:05:35","guid":{"rendered":"http:\/\/www.lojameraki.pt\/novo\/?post_type=product&#038;p=684"},"modified":"2022-09-01T00:00:16","modified_gmt":"2022-09-01T00:00:16","slug":"summer-ombre-85","status":"publish","type":"product","link":"https:\/\/www.lojameraki.pt\/novo\/product\/summer-ombre-85\/","title":{"rendered":"Summer Ombr\u00e9 85"},"content":{"rendered":"<p>Summer ombr\u00e9 85<\/p>\n<p>Composi\u00e7\u00e3o: 48% Algod\u00e3o; 32% Viscose; 20% Acr\u00edlico<\/p>\n<p>Peso: 50 gramas<\/p>\n<p>Comprimento: 120 metros\u00a0 | Sport<\/p>\n<p>Agulhas: 2,5- 3,5 mm<\/p>\n<p>Amostra: 26 malhas por 36carreiras\u00a0 \u00a0(10 cm x 10 cm )<\/p>\n<p>lav\u00e1vel \u00e0 m\u00e1quina 30\u00ba<\/p>\n","protected":false},"excerpt":{"rendered":"<p>Promo\u00e7\u00e3o limitada ao stock existente \u2013 sem\u00a0 reposi\u00e7\u00e3o nesta temporada ver\u00e3o 2021<\/p>\n","protected":false},"featured_media":678,"template":"","meta":{"_et_pb_use_builder":"","_et_pb_old_content":"","_et_gb_content_width":""},"product_brand":[],"product_cat":[82,77,22,23,20,21,26,109,110,80],"product_tag":[],"class_list":{"0":"post-684","1":"product","2":"type-product","3":"status-publish","4":"has-post-thumbnail","6":"product_cat-acrilico","7":"product_cat-algodao","8":"product_cat-composicao","9":"product_cat-espessura","10":"product_cat-fios","11":"product_cat-marcas","12":"product_cat-primavera-verao","13":"product_cat-schachenmayr-marcas","14":"product_cat-sport","15":"product_cat-viscose","17":"first","18":"instock","19":"shipping-taxable","20":"purchasable","21":"product-type-simple"},"_links":{"self":[{"href":"https:\/\/www.lojameraki.pt\/novo\/wp-json\/wp\/v2\/product\/684","targetHints":{"allow":["GET"]}}],"collection":[{"href":"https:\/\/www.lojameraki.pt\/novo\/wp-json\/wp\/v2\/product"}],"about":[{"href":"https:\/\/www.lojameraki.pt\/novo\/wp-json\/wp\/v2\/types\/product"}],"wp:featuredmedia":[{"embeddable":true,"href":"https:\/\/www.lojameraki.pt\/novo\/wp-json\/wp\/v2\/media\/678"}],"wp:attachment":[{"href":"https:\/\/www.lojameraki.pt\/novo\/wp-json\/wp\/v2\/media?parent=684"}],"wp:term":[{"taxonomy":"product_brand","embeddable":true,"href":"https:\/\/www.lojameraki.pt\/novo\/wp-json\/wp\/v2\/product_brand?post=684"},{"taxonomy":"product_cat","embeddable":true,"href":"https:\/\/www.lojameraki.pt\/novo\/wp-json\/wp\/v2\/product_cat?post=684"},{"taxonomy":"product_tag","embeddable":true,"href":"https:\/\/www.lojameraki.pt\/novo\/wp-json\/wp\/v2\/product_tag?post=684"}],"curies":[{"name":"wp","href":"https:\/\/api.w.org\/{rel}","templated":true}]}}