{"id":6882,"date":"2023-03-30T11:15:00","date_gmt":"2023-03-30T11:15:00","guid":{"rendered":"https:\/\/www.lojameraki.pt\/novo\/?post_type=product&#038;p=6882"},"modified":"2026-03-28T12:47:41","modified_gmt":"2026-03-28T12:47:41","slug":"eco-vita-137","status":"publish","type":"product","link":"https:\/\/www.lojameraki.pt\/novo\/product\/eco-vita-137\/","title":{"rendered":"Eco Vita 137"},"content":{"rendered":"<p>Eco Vita 137<\/p>\n<p>Composi\u00e7\u00e3o:\u00a0 80%\u00a0 algod\u00e3o reciclado; 20% outros fibras recicladas<\/p>\n<p>Peso: 100 gramas<\/p>\n<p>Comprimento:250 metros\u00a0 | aran<\/p>\n<p>Agulhas: 4 &#8211; 5 mm<\/p>\n<p>Amostra: 22 malhas por 30 carreiras\u00a0 (10 x 10 cm)<\/p>\n<p>Lavar \u00e0 m\u00e1quina at\u00e9 30\u00ba.<\/p>\n","protected":false},"excerpt":{"rendered":"<p>Eco Vita 137 Composi\u00e7\u00e3o:\u00a0 80%\u00a0 algod\u00e3o reciclado; 20% outros fibras recicladas Peso: 100 gramas Comprimento:250 metros\u00a0 | aran Agulhas: 4 &#8211; 5 mm Amostra: 22 malhas por 30 carreiras\u00a0 (10 x 10 cm) Lavar \u00e0 m\u00e1quina at\u00e9 30\u00ba.<\/p>\n","protected":false},"featured_media":6878,"template":"","meta":{"_et_pb_use_builder":"","_et_pb_old_content":"","_et_gb_content_width":""},"product_brand":[],"product_cat":[77,112,22,331,423,23,20,21,26],"product_tag":[],"class_list":{"0":"post-6882","1":"product","2":"type-product","3":"status-publish","4":"has-post-thumbnail","6":"product_cat-algodao","7":"product_cat-aran","8":"product_cat-composicao","9":"product_cat-dmc","10":"product_cat-eco-vita","11":"product_cat-espessura","12":"product_cat-fios","13":"product_cat-marcas","14":"product_cat-primavera-verao","16":"first","17":"instock","18":"shipping-taxable","19":"purchasable","20":"product-type-simple"},"_links":{"self":[{"href":"https:\/\/www.lojameraki.pt\/novo\/wp-json\/wp\/v2\/product\/6882","targetHints":{"allow":["GET"]}}],"collection":[{"href":"https:\/\/www.lojameraki.pt\/novo\/wp-json\/wp\/v2\/product"}],"about":[{"href":"https:\/\/www.lojameraki.pt\/novo\/wp-json\/wp\/v2\/types\/product"}],"wp:featuredmedia":[{"embeddable":true,"href":"https:\/\/www.lojameraki.pt\/novo\/wp-json\/wp\/v2\/media\/6878"}],"wp:attachment":[{"href":"https:\/\/www.lojameraki.pt\/novo\/wp-json\/wp\/v2\/media?parent=6882"}],"wp:term":[{"taxonomy":"product_brand","embeddable":true,"href":"https:\/\/www.lojameraki.pt\/novo\/wp-json\/wp\/v2\/product_brand?post=6882"},{"taxonomy":"product_cat","embeddable":true,"href":"https:\/\/www.lojameraki.pt\/novo\/wp-json\/wp\/v2\/product_cat?post=6882"},{"taxonomy":"product_tag","embeddable":true,"href":"https:\/\/www.lojameraki.pt\/novo\/wp-json\/wp\/v2\/product_tag?post=6882"}],"curies":[{"name":"wp","href":"https:\/\/api.w.org\/{rel}","templated":true}]}}