{"id":6898,"date":"2023-03-31T15:21:56","date_gmt":"2023-03-31T15:21:56","guid":{"rendered":"https:\/\/www.lojameraki.pt\/novo\/?post_type=product&#038;p=6898"},"modified":"2024-07-01T00:06:39","modified_gmt":"2024-07-01T00:06:39","slug":"kit-amigomira-a-musa","status":"publish","type":"product","link":"https:\/\/www.lojameraki.pt\/novo\/product\/kit-amigomira-a-musa\/","title":{"rendered":"Kit Amigomira &#8211; A Musa"},"content":{"rendered":"<p>Kit Amigomira &#8211; A Musa<\/p>\n<p>Modelo de uma boneca inspirada pelas t\u00e1gides d<em>\u2019Os Lus\u00edadas.<\/em><\/p>\n<p>Este kit inclui:<br \/>\n\u2013 6 novelos x 20g de fio\u00a0Amigomira\u00a0(100% algod\u00e3o) nas cores 84, 73, 111, 74, 99 e 103.<br \/>\n\u2013 Tutorial em papel com instru\u00e7\u00f5es em portugu\u00eas e ingl\u00eas.<\/p>\n<p>Agulha de crochet 2,5mm (n\u00e3o inclu\u00edda)<\/p>\n<h5><\/h5>\n","protected":false},"excerpt":{"rendered":"<p>Kit Amigomira &#8211; A Musa Modelo de uma boneca inspirada pelas t\u00e1gides d\u2019Os Lus\u00edadas. Este kit inclui: \u2013 6 novelos x 20g de fio\u00a0Amigomira\u00a0(100% algod\u00e3o) nas cores 84, 73, 111, 74, 99 e 103. \u2013 Tutorial em papel com instru\u00e7\u00f5es em portugu\u00eas e ingl\u00eas. Agulha de crochet 2,5mm (n\u00e3o inclu\u00edda)<\/p>\n","protected":false},"featured_media":6899,"template":"","meta":{"_et_pb_use_builder":"","_et_pb_old_content":"","_et_gb_content_width":""},"product_brand":[],"product_cat":[77,22,23,87,20,424,21,27,95],"product_tag":[],"class_list":{"0":"post-6898","1":"product","2":"type-product","3":"status-publish","4":"has-post-thumbnail","6":"product_cat-algodao","7":"product_cat-composicao","8":"product_cat-espessura","9":"product_cat-fingering","10":"product_cat-fios","11":"product_cat-kit-amigomira","12":"product_cat-marcas","13":"product_cat-outros","14":"product_cat-rosarios-4-marcas","16":"first","17":"instock","18":"shipping-taxable","19":"purchasable","20":"product-type-simple"},"_links":{"self":[{"href":"https:\/\/www.lojameraki.pt\/novo\/wp-json\/wp\/v2\/product\/6898","targetHints":{"allow":["GET"]}}],"collection":[{"href":"https:\/\/www.lojameraki.pt\/novo\/wp-json\/wp\/v2\/product"}],"about":[{"href":"https:\/\/www.lojameraki.pt\/novo\/wp-json\/wp\/v2\/types\/product"}],"wp:featuredmedia":[{"embeddable":true,"href":"https:\/\/www.lojameraki.pt\/novo\/wp-json\/wp\/v2\/media\/6899"}],"wp:attachment":[{"href":"https:\/\/www.lojameraki.pt\/novo\/wp-json\/wp\/v2\/media?parent=6898"}],"wp:term":[{"taxonomy":"product_brand","embeddable":true,"href":"https:\/\/www.lojameraki.pt\/novo\/wp-json\/wp\/v2\/product_brand?post=6898"},{"taxonomy":"product_cat","embeddable":true,"href":"https:\/\/www.lojameraki.pt\/novo\/wp-json\/wp\/v2\/product_cat?post=6898"},{"taxonomy":"product_tag","embeddable":true,"href":"https:\/\/www.lojameraki.pt\/novo\/wp-json\/wp\/v2\/product_tag?post=6898"}],"curies":[{"name":"wp","href":"https:\/\/api.w.org\/{rel}","templated":true}]}}