{"id":7054,"date":"2023-04-18T11:29:51","date_gmt":"2023-04-18T11:29:51","guid":{"rendered":"https:\/\/www.lojameraki.pt\/novo\/?post_type=product&#038;p=7054"},"modified":"2024-04-05T14:34:26","modified_gmt":"2024-04-05T14:34:26","slug":"bella-10","status":"publish","type":"product","link":"https:\/\/www.lojameraki.pt\/novo\/product\/bella-10\/","title":{"rendered":"Bella 10"},"content":{"rendered":"<p>Bella 10<\/p>\n<p>Composi\u00e7\u00e3o: 35% Algod\u00e3o, 25% baby alpaca; 30% nylon, 10%\u00a0 l\u00e3 merino virgem<\/p>\n<p>Peso: 25 gramas<\/p>\n<p>Comprimento: 250 metros\u00a0 |<\/p>\n<p>Agulhas: 3- 3,5 mm<\/p>\n<p>Amostra: 25 malhas por 34 carreiras\u00a0 \u00a0(10 cm x 10 cm )<\/p>\n<p>para tamanho 38\/40 &#8211;\u00a0 175gamas<\/p>\n<p>lav\u00e1vel \u00e0 m\u00e3o<\/p>\n","protected":false},"excerpt":{"rendered":"<p>Bella 10 Composi\u00e7\u00e3o: 35% Algod\u00e3o, 25% baby alpaca; 30% nylon, 10%\u00a0 l\u00e3 merino virgem Peso: 25 gramas Comprimento: 250 metros\u00a0 | Agulhas: 3- 3,5 mm Amostra: 25 malhas por 34 carreiras\u00a0 \u00a0(10 cm x 10 cm ) para tamanho 38\/40 &#8211;\u00a0 175gamas lav\u00e1vel \u00e0 m\u00e3o<\/p>\n","protected":false},"featured_media":7048,"template":"","meta":{"_et_pb_use_builder":"","_et_pb_old_content":"","_et_gb_content_width":""},"product_brand":[],"product_cat":[77,73,428,22,23,20,71,271,113,21,76],"product_tag":[427],"class_list":{"0":"post-7054","1":"product","2":"type-product","3":"status-publish","4":"has-post-thumbnail","6":"product_cat-algodao","7":"product_cat-baby-alpaca","8":"product_cat-bella","9":"product_cat-composicao","10":"product_cat-espessura","11":"product_cat-fios","12":"product_cat-la-merino","13":"product_cat-lana-grossa","14":"product_cat-light-fingering","15":"product_cat-marcas","16":"product_cat-poliamida-nylon","17":"product_tag-amigurimi","19":"first","20":"instock","21":"shipping-taxable","22":"purchasable","23":"product-type-simple"},"_links":{"self":[{"href":"https:\/\/www.lojameraki.pt\/novo\/wp-json\/wp\/v2\/product\/7054","targetHints":{"allow":["GET"]}}],"collection":[{"href":"https:\/\/www.lojameraki.pt\/novo\/wp-json\/wp\/v2\/product"}],"about":[{"href":"https:\/\/www.lojameraki.pt\/novo\/wp-json\/wp\/v2\/types\/product"}],"wp:featuredmedia":[{"embeddable":true,"href":"https:\/\/www.lojameraki.pt\/novo\/wp-json\/wp\/v2\/media\/7048"}],"wp:attachment":[{"href":"https:\/\/www.lojameraki.pt\/novo\/wp-json\/wp\/v2\/media?parent=7054"}],"wp:term":[{"taxonomy":"product_brand","embeddable":true,"href":"https:\/\/www.lojameraki.pt\/novo\/wp-json\/wp\/v2\/product_brand?post=7054"},{"taxonomy":"product_cat","embeddable":true,"href":"https:\/\/www.lojameraki.pt\/novo\/wp-json\/wp\/v2\/product_cat?post=7054"},{"taxonomy":"product_tag","embeddable":true,"href":"https:\/\/www.lojameraki.pt\/novo\/wp-json\/wp\/v2\/product_tag?post=7054"}],"curies":[{"name":"wp","href":"https:\/\/api.w.org\/{rel}","templated":true}]}}