{"id":7073,"date":"2023-04-19T09:26:14","date_gmt":"2023-04-19T09:26:14","guid":{"rendered":"https:\/\/www.lojameraki.pt\/novo\/?post_type=product&#038;p=7073"},"modified":"2023-04-19T09:29:06","modified_gmt":"2023-04-19T09:29:06","slug":"meilenweit-100-cotone-vegano-risotto-1501","status":"publish","type":"product","link":"https:\/\/www.lojameraki.pt\/novo\/product\/meilenweit-100-cotone-vegano-risotto-1501\/","title":{"rendered":"Meilenweit 100 Cotone Vegano Risotto 1501"},"content":{"rendered":"<p>Meilenweit 100 Cotone Vegano Risotto 1501<\/p>\n<p>Composi\u00e7\u00e3o: 76% Algod\u00e3o, 14% poliamida; 10%poliester<\/p>\n<p>Peso: 100 gramas<\/p>\n<p>Comprimento: 420 metros\u00a0 | Fingering<\/p>\n<p>Agulhas: 2,5 &#8211; 3 mm<\/p>\n<p>Amostra: 32 malhas por 44 carreiras\u00a0 \u00a0(10 cm x 10 cm )<\/p>\n<p>lav\u00e1vel \u00e0 m\u00e1quina 40\u00ba<\/p>\n","protected":false},"excerpt":{"rendered":"<p>Meilenweit 100 Cotone Vegano Risotto 1501 Composi\u00e7\u00e3o: 76% Algod\u00e3o, 14% poliamida; 10%poliester Peso: 100 gramas Comprimento: 420 metros\u00a0 | Fingering Agulhas: 2,5 &#8211; 3 mm Amostra: 32 malhas por 44 carreiras\u00a0 \u00a0(10 cm x 10 cm ) lav\u00e1vel \u00e0 m\u00e1quina 40\u00ba<\/p>\n","protected":false},"featured_media":7070,"template":"","meta":{"_et_pb_use_builder":"","_et_pb_old_content":"","_et_gb_content_width":""},"product_brand":[],"product_cat":[77,22,23,87,20,271,21,431,76,85,26],"product_tag":[432],"class_list":{"0":"post-7073","1":"product","2":"type-product","3":"status-publish","4":"has-post-thumbnail","6":"product_cat-algodao","7":"product_cat-composicao","8":"product_cat-espessura","9":"product_cat-fingering","10":"product_cat-fios","11":"product_cat-lana-grossa","12":"product_cat-marcas","13":"product_cat-meilenweit-100-cotone","14":"product_cat-poliamida-nylon","15":"product_cat-poliester","16":"product_cat-primavera-verao","17":"product_tag-meias","19":"first","20":"instock","21":"shipping-taxable","22":"purchasable","23":"product-type-simple"},"_links":{"self":[{"href":"https:\/\/www.lojameraki.pt\/novo\/wp-json\/wp\/v2\/product\/7073","targetHints":{"allow":["GET"]}}],"collection":[{"href":"https:\/\/www.lojameraki.pt\/novo\/wp-json\/wp\/v2\/product"}],"about":[{"href":"https:\/\/www.lojameraki.pt\/novo\/wp-json\/wp\/v2\/types\/product"}],"wp:featuredmedia":[{"embeddable":true,"href":"https:\/\/www.lojameraki.pt\/novo\/wp-json\/wp\/v2\/media\/7070"}],"wp:attachment":[{"href":"https:\/\/www.lojameraki.pt\/novo\/wp-json\/wp\/v2\/media?parent=7073"}],"wp:term":[{"taxonomy":"product_brand","embeddable":true,"href":"https:\/\/www.lojameraki.pt\/novo\/wp-json\/wp\/v2\/product_brand?post=7073"},{"taxonomy":"product_cat","embeddable":true,"href":"https:\/\/www.lojameraki.pt\/novo\/wp-json\/wp\/v2\/product_cat?post=7073"},{"taxonomy":"product_tag","embeddable":true,"href":"https:\/\/www.lojameraki.pt\/novo\/wp-json\/wp\/v2\/product_tag?post=7073"}],"curies":[{"name":"wp","href":"https:\/\/api.w.org\/{rel}","templated":true}]}}