{"id":708,"date":"2018-05-21T13:39:49","date_gmt":"2018-05-21T13:39:49","guid":{"rendered":"http:\/\/www.lojameraki.pt\/novo\/?post_type=product&#038;p=708"},"modified":"2023-06-01T00:00:10","modified_gmt":"2023-06-01T00:00:10","slug":"merino-silky-soft-120-536","status":"publish","type":"product","link":"https:\/\/www.lojameraki.pt\/novo\/product\/merino-silky-soft-120-536\/","title":{"rendered":"Merino  Silky Soft 120  536"},"content":{"rendered":"<p>Merino Silky Soft 120 536<\/p>\n<p>Composi\u00e7\u00e3o: 68% L\u00e3; 32%\u00a0 Lyocel<\/p>\n<p>Peso: 50 gramas<\/p>\n<p>Comprimento: 120metros\u00a0 | DK<\/p>\n<p>Agulhas: 4 mm<\/p>\n<p>Amostra: 22 malhas por 30 carreiras\u00a0 \u00a0(10 cm x 10 cm )<\/p>\n<p>lav\u00e1vel \u00e0 m\u00e1quina 30%<\/p>\n","protected":false},"excerpt":{"rendered":"<p>-30% (fim de stock)<\/p>\n","protected":false},"featured_media":704,"template":"","meta":{"_et_pb_use_builder":"","_et_pb_old_content":"","_et_gb_content_width":""},"product_brand":[],"product_cat":[22,88,23,348,20,70,78,21,191,109],"product_tag":[],"class_list":{"0":"post-708","1":"product","2":"type-product","3":"status-publish","4":"has-post-thumbnail","6":"product_cat-composicao","7":"product_cat-dk","8":"product_cat-espessura","9":"product_cat-fim-de-stock","10":"product_cat-fios","11":"product_cat-la","12":"product_cat-lyocel","13":"product_cat-marcas","14":"product_cat-merino-extrafine-silky-soft-120","15":"product_cat-schachenmayr-marcas","17":"first","18":"instock","19":"shipping-taxable","20":"purchasable","21":"product-type-simple"},"_links":{"self":[{"href":"https:\/\/www.lojameraki.pt\/novo\/wp-json\/wp\/v2\/product\/708","targetHints":{"allow":["GET"]}}],"collection":[{"href":"https:\/\/www.lojameraki.pt\/novo\/wp-json\/wp\/v2\/product"}],"about":[{"href":"https:\/\/www.lojameraki.pt\/novo\/wp-json\/wp\/v2\/types\/product"}],"wp:featuredmedia":[{"embeddable":true,"href":"https:\/\/www.lojameraki.pt\/novo\/wp-json\/wp\/v2\/media\/704"}],"wp:attachment":[{"href":"https:\/\/www.lojameraki.pt\/novo\/wp-json\/wp\/v2\/media?parent=708"}],"wp:term":[{"taxonomy":"product_brand","embeddable":true,"href":"https:\/\/www.lojameraki.pt\/novo\/wp-json\/wp\/v2\/product_brand?post=708"},{"taxonomy":"product_cat","embeddable":true,"href":"https:\/\/www.lojameraki.pt\/novo\/wp-json\/wp\/v2\/product_cat?post=708"},{"taxonomy":"product_tag","embeddable":true,"href":"https:\/\/www.lojameraki.pt\/novo\/wp-json\/wp\/v2\/product_tag?post=708"}],"curies":[{"name":"wp","href":"https:\/\/api.w.org\/{rel}","templated":true}]}}