{"id":7089,"date":"2023-04-19T10:05:00","date_gmt":"2023-04-19T10:05:00","guid":{"rendered":"https:\/\/www.lojameraki.pt\/novo\/?post_type=product&#038;p=7089"},"modified":"2025-09-01T00:16:00","modified_gmt":"2025-09-01T00:16:00","slug":"dama-84","status":"publish","type":"product","link":"https:\/\/www.lojameraki.pt\/novo\/product\/dama-84\/","title":{"rendered":"Dama  84"},"content":{"rendered":"<p>Dama 84<\/p>\n<p>Composi\u00e7\u00e3o:\u00a0 85% algod\u00e3o; 5% seda; 10 % viscose<\/p>\n<p>Peso: 50 gramas<\/p>\n<p>Comprimento: 130 metros\u00a0 | Sport<\/p>\n<p>Agulhas: 3 &#8211; 3,5 mm<\/p>\n<p>Amostra: 24 malhas x 31 carreiras\u00a0 (10 cm)<\/p>\n<p>Lav\u00e1vel \u00e0 m\u00e1quina<\/p>\n<p>&nbsp;<\/p>\n","protected":false},"excerpt":{"rendered":"<p>Dama 84 Composi\u00e7\u00e3o:\u00a0 85% algod\u00e3o; 5% seda; 10 % viscose Peso: 50 gramas Comprimento: 130 metros\u00a0 | Sport Agulhas: 3 &#8211; 3,5 mm Amostra: 24 malhas x 31 carreiras\u00a0 (10 cm) Lav\u00e1vel \u00e0 m\u00e1quina &nbsp;<\/p>\n","protected":false},"featured_media":7087,"template":"","meta":{"_et_pb_use_builder":"","_et_pb_old_content":"","_et_gb_content_width":""},"product_brand":[],"product_cat":[77,22,434,23,20,93,21,26,74,110,80],"product_tag":[],"class_list":{"0":"post-7089","1":"product","2":"type-product","3":"status-publish","4":"has-post-thumbnail","6":"product_cat-algodao","7":"product_cat-composicao","8":"product_cat-dama","9":"product_cat-espessura","10":"product_cat-fios","11":"product_cat-katia-marcas","12":"product_cat-marcas","13":"product_cat-primavera-verao","14":"product_cat-seda","15":"product_cat-sport","16":"product_cat-viscose","18":"first","19":"instock","20":"shipping-taxable","21":"purchasable","22":"product-type-simple"},"_links":{"self":[{"href":"https:\/\/www.lojameraki.pt\/novo\/wp-json\/wp\/v2\/product\/7089","targetHints":{"allow":["GET"]}}],"collection":[{"href":"https:\/\/www.lojameraki.pt\/novo\/wp-json\/wp\/v2\/product"}],"about":[{"href":"https:\/\/www.lojameraki.pt\/novo\/wp-json\/wp\/v2\/types\/product"}],"wp:featuredmedia":[{"embeddable":true,"href":"https:\/\/www.lojameraki.pt\/novo\/wp-json\/wp\/v2\/media\/7087"}],"wp:attachment":[{"href":"https:\/\/www.lojameraki.pt\/novo\/wp-json\/wp\/v2\/media?parent=7089"}],"wp:term":[{"taxonomy":"product_brand","embeddable":true,"href":"https:\/\/www.lojameraki.pt\/novo\/wp-json\/wp\/v2\/product_brand?post=7089"},{"taxonomy":"product_cat","embeddable":true,"href":"https:\/\/www.lojameraki.pt\/novo\/wp-json\/wp\/v2\/product_cat?post=7089"},{"taxonomy":"product_tag","embeddable":true,"href":"https:\/\/www.lojameraki.pt\/novo\/wp-json\/wp\/v2\/product_tag?post=7089"}],"curies":[{"name":"wp","href":"https:\/\/api.w.org\/{rel}","templated":true}]}}