{"id":7121,"date":"2023-04-19T15:00:50","date_gmt":"2023-04-19T15:00:50","guid":{"rendered":"https:\/\/www.lojameraki.pt\/novo\/?post_type=product&#038;p=7121"},"modified":"2025-12-09T15:52:12","modified_gmt":"2025-12-09T15:52:12","slug":"macrame-cord-102","status":"publish","type":"product","link":"https:\/\/www.lojameraki.pt\/novo\/product\/macrame-cord-102\/","title":{"rendered":"Macram\u00e9 Cord 102"},"content":{"rendered":"<p>Macram\u00e9 Cord 102<\/p>\n<p>Composi\u00e7\u00e3o:\u00a0 65% algod\u00e3o; 25% poli\u00e9ster; 10 5 outras fibras<\/p>\n<p>Peso: 500 gramas<\/p>\n<p>Comprimento: 100 metros\u00a0 | 5mm<\/p>\n<p>&nbsp;<\/p>\n","protected":false},"excerpt":{"rendered":"<p>Macram\u00e9 Cord 102 Composi\u00e7\u00e3o:\u00a0 65% algod\u00e3o; 25% poli\u00e9ster; 10 5 outras fibras Peso: 500 gramas Comprimento: 100 metros\u00a0 | 5mm &nbsp;<\/p>\n","protected":false},"featured_media":7120,"template":"","meta":{"_et_pb_use_builder":"","_et_pb_old_content":"","_et_gb_content_width":""},"product_brand":[],"product_cat":[77,22,23,20,93,91,436,21,129,85],"product_tag":[],"class_list":{"0":"post-7121","1":"product","2":"type-product","3":"status-publish","4":"has-post-thumbnail","6":"product_cat-algodao","7":"product_cat-composicao","8":"product_cat-espessura","9":"product_cat-fios","10":"product_cat-katia-marcas","11":"product_cat-macrame","12":"product_cat-macrame-cord","13":"product_cat-marcas","14":"product_cat-merino-baby","15":"product_cat-poliester","17":"first","18":"outofstock","19":"shipping-taxable","20":"purchasable","21":"product-type-simple"},"_links":{"self":[{"href":"https:\/\/www.lojameraki.pt\/novo\/wp-json\/wp\/v2\/product\/7121","targetHints":{"allow":["GET"]}}],"collection":[{"href":"https:\/\/www.lojameraki.pt\/novo\/wp-json\/wp\/v2\/product"}],"about":[{"href":"https:\/\/www.lojameraki.pt\/novo\/wp-json\/wp\/v2\/types\/product"}],"wp:featuredmedia":[{"embeddable":true,"href":"https:\/\/www.lojameraki.pt\/novo\/wp-json\/wp\/v2\/media\/7120"}],"wp:attachment":[{"href":"https:\/\/www.lojameraki.pt\/novo\/wp-json\/wp\/v2\/media?parent=7121"}],"wp:term":[{"taxonomy":"product_brand","embeddable":true,"href":"https:\/\/www.lojameraki.pt\/novo\/wp-json\/wp\/v2\/product_brand?post=7121"},{"taxonomy":"product_cat","embeddable":true,"href":"https:\/\/www.lojameraki.pt\/novo\/wp-json\/wp\/v2\/product_cat?post=7121"},{"taxonomy":"product_tag","embeddable":true,"href":"https:\/\/www.lojameraki.pt\/novo\/wp-json\/wp\/v2\/product_tag?post=7121"}],"curies":[{"name":"wp","href":"https:\/\/api.w.org\/{rel}","templated":true}]}}