{"id":7123,"date":"2023-04-19T15:06:14","date_gmt":"2023-04-19T15:06:14","guid":{"rendered":"https:\/\/www.lojameraki.pt\/novo\/?post_type=product&#038;p=7123"},"modified":"2023-04-19T15:07:54","modified_gmt":"2023-04-19T15:07:54","slug":"macrame-cord-fine-205","status":"publish","type":"product","link":"https:\/\/www.lojameraki.pt\/novo\/product\/macrame-cord-fine-205\/","title":{"rendered":"Macram\u00e9 Cord fine 205"},"content":{"rendered":"<p>Macram\u00e9 Cord fine 205<\/p>\n<p>Composi\u00e7\u00e3o:\u00a0 50% algod\u00e3o; 50% poli\u00e9ster<\/p>\n<p>Peso: 2200 gramas<\/p>\n<p>Comprimento: 100 metros\u00a0 | 2,5 &#8211; 3 mm<\/p>\n<p>&nbsp;<\/p>\n","protected":false},"excerpt":{"rendered":"<p>Macram\u00e9 Cord fine 205 Composi\u00e7\u00e3o:\u00a0 50% algod\u00e3o; 50% poli\u00e9ster Peso: 2200 gramas Comprimento: 100 metros\u00a0 | 2,5 &#8211; 3 mm &nbsp;<\/p>\n","protected":false},"featured_media":7117,"template":"","meta":{"_et_pb_use_builder":"","_et_pb_old_content":"","_et_gb_content_width":""},"product_brand":[],"product_cat":[77,22,23,20,93,91,435,21,129,85],"product_tag":[],"class_list":{"0":"post-7123","1":"product","2":"type-product","3":"status-publish","4":"has-post-thumbnail","6":"product_cat-algodao","7":"product_cat-composicao","8":"product_cat-espessura","9":"product_cat-fios","10":"product_cat-katia-marcas","11":"product_cat-macrame","12":"product_cat-macrame-cord-fine","13":"product_cat-marcas","14":"product_cat-merino-baby","15":"product_cat-poliester","17":"first","18":"instock","19":"shipping-taxable","20":"purchasable","21":"product-type-simple"},"_links":{"self":[{"href":"https:\/\/www.lojameraki.pt\/novo\/wp-json\/wp\/v2\/product\/7123","targetHints":{"allow":["GET"]}}],"collection":[{"href":"https:\/\/www.lojameraki.pt\/novo\/wp-json\/wp\/v2\/product"}],"about":[{"href":"https:\/\/www.lojameraki.pt\/novo\/wp-json\/wp\/v2\/types\/product"}],"wp:featuredmedia":[{"embeddable":true,"href":"https:\/\/www.lojameraki.pt\/novo\/wp-json\/wp\/v2\/media\/7117"}],"wp:attachment":[{"href":"https:\/\/www.lojameraki.pt\/novo\/wp-json\/wp\/v2\/media?parent=7123"}],"wp:term":[{"taxonomy":"product_brand","embeddable":true,"href":"https:\/\/www.lojameraki.pt\/novo\/wp-json\/wp\/v2\/product_brand?post=7123"},{"taxonomy":"product_cat","embeddable":true,"href":"https:\/\/www.lojameraki.pt\/novo\/wp-json\/wp\/v2\/product_cat?post=7123"},{"taxonomy":"product_tag","embeddable":true,"href":"https:\/\/www.lojameraki.pt\/novo\/wp-json\/wp\/v2\/product_tag?post=7123"}],"curies":[{"name":"wp","href":"https:\/\/api.w.org\/{rel}","templated":true}]}}