{"id":7126,"date":"2023-04-19T15:40:04","date_gmt":"2023-04-19T15:40:04","guid":{"rendered":"https:\/\/www.lojameraki.pt\/novo\/?post_type=product&#038;p=7126"},"modified":"2023-04-19T15:44:45","modified_gmt":"2023-04-19T15:44:45","slug":"boho-textures-weaving-kit-de-mariamalatrama","status":"publish","type":"product","link":"https:\/\/www.lojameraki.pt\/novo\/product\/boho-textures-weaving-kit-de-mariamalatrama\/","title":{"rendered":"Boho Textures Weaving Kit de @mariamalatrama"},"content":{"rendered":"<p>Boho Textures Weaving Kit de @mariamalatrama<\/p>\n<p>Si buscas una manualidad textil f\u00e1cil, relajante y creativa, hazte con este Kit de Telar Tapices Boho Textures dise\u00f1ado por @mariamalatrama. Descubre, gracias a este kit con videotutorial, c\u00f3mo hacer un tapiz con lana y disfruta aportando detalles de decoraci\u00f3n handmade a tu hogar. Cada kit Katia tiene todo para aprender el arte de tramar en telar y crear tapices con hilos y lanas de diferentes grosores. Recibe un telar rectangular de madera con peine, lanzadera, espada y palillo. Tambi\u00e9n, 2 palos de madera de 25 cm y ovillos de 4 lanas Katia diferentes: Mouton, Merino Aran, Love Wool y United Cotton.<\/p>\n<p>&nbsp;<\/p>\n","protected":false},"excerpt":{"rendered":"<p>Boho Textures Weaving Kit de @mariamalatrama Si buscas una manualidad textil f\u00e1cil, relajante y creativa, hazte con este Kit de Telar Tapices Boho Textures dise\u00f1ado por @mariamalatrama. Descubre, gracias a este kit con videotutorial, c\u00f3mo hacer un tapiz con lana y disfruta aportando detalles de decoraci\u00f3n handmade a tu hogar. Cada kit Katia tiene todo [&hellip;]<\/p>\n","protected":false},"featured_media":7125,"template":"","meta":{"_et_pb_use_builder":"","_et_pb_old_content":"","_et_gb_content_width":""},"product_brand":[],"product_cat":[20,93,401,21,27],"product_tag":[],"class_list":{"0":"post-7126","1":"product","2":"type-product","3":"status-publish","4":"has-post-thumbnail","6":"product_cat-fios","7":"product_cat-katia-marcas","8":"product_cat-kits","9":"product_cat-marcas","10":"product_cat-outros","12":"first","13":"instock","14":"shipping-taxable","15":"purchasable","16":"product-type-simple"},"_links":{"self":[{"href":"https:\/\/www.lojameraki.pt\/novo\/wp-json\/wp\/v2\/product\/7126","targetHints":{"allow":["GET"]}}],"collection":[{"href":"https:\/\/www.lojameraki.pt\/novo\/wp-json\/wp\/v2\/product"}],"about":[{"href":"https:\/\/www.lojameraki.pt\/novo\/wp-json\/wp\/v2\/types\/product"}],"wp:featuredmedia":[{"embeddable":true,"href":"https:\/\/www.lojameraki.pt\/novo\/wp-json\/wp\/v2\/media\/7125"}],"wp:attachment":[{"href":"https:\/\/www.lojameraki.pt\/novo\/wp-json\/wp\/v2\/media?parent=7126"}],"wp:term":[{"taxonomy":"product_brand","embeddable":true,"href":"https:\/\/www.lojameraki.pt\/novo\/wp-json\/wp\/v2\/product_brand?post=7126"},{"taxonomy":"product_cat","embeddable":true,"href":"https:\/\/www.lojameraki.pt\/novo\/wp-json\/wp\/v2\/product_cat?post=7126"},{"taxonomy":"product_tag","embeddable":true,"href":"https:\/\/www.lojameraki.pt\/novo\/wp-json\/wp\/v2\/product_tag?post=7126"}],"curies":[{"name":"wp","href":"https:\/\/api.w.org\/{rel}","templated":true}]}}