{"id":7140,"date":"2023-04-20T10:43:02","date_gmt":"2023-04-20T10:43:02","guid":{"rendered":"https:\/\/www.lojameraki.pt\/novo\/?post_type=product&#038;p=7140"},"modified":"2023-04-20T10:44:00","modified_gmt":"2023-04-20T10:44:00","slug":"anchor-linen-003-bone","status":"publish","type":"product","link":"https:\/\/www.lojameraki.pt\/novo\/product\/anchor-linen-003-bone\/","title":{"rendered":"Anchor Linen 003 bone"},"content":{"rendered":"<p>Anchor Linen 003 bone<\/p>\n<p>Fio 100% Linho, com 15m de constru\u00e7\u00e3o flex\u00edvel de 6 fios que pode ser divida em fios mais finos e utilizada para misturar cores.<\/p>\n<p>Acabamento natural com um toque suave e ao mesmo tempo r\u00fastico.<\/p>\n<p>Excepcionalmente forte e dur\u00e1vel, n\u00e3o ganha pelo nem desgaste, envelhecendo lindamente.<\/p>\n<p>Textura natural diferenciada de corantes de base vegetal.<\/p>\n<p>Ideal para bordados livres ou de ponto cruz, para todas as pe\u00e7as em que deseja enriquecer por muitos anos, como se de uma rel\u00edquia se trata-se, que passa de gera\u00e7\u00e3o em gera\u00e7\u00e3o.<\/p>\n","protected":false},"excerpt":{"rendered":"<p>Anchor Linen 003 bone Fio 100% Linho, com 15m de constru\u00e7\u00e3o flex\u00edvel de 6 fios que pode ser divida em fios mais finos e utilizada para misturar cores. Acabamento natural com um toque suave e ao mesmo tempo r\u00fastico. Excepcionalmente forte e dur\u00e1vel, n\u00e3o ganha pelo nem desgaste, envelhecendo lindamente. Textura natural diferenciada de corantes [&hellip;]<\/p>\n","protected":false},"featured_media":7141,"template":"","meta":{"_et_pb_use_builder":"","_et_pb_old_content":"","_et_gb_content_width":""},"product_brand":[],"product_cat":[437,292,312,20,93],"product_tag":[],"class_list":{"0":"post-7140","1":"product","2":"type-product","3":"status-publish","4":"has-post-thumbnail","6":"product_cat-anchor-linen","7":"product_cat-bordado","8":"product_cat-bordado-2","9":"product_cat-fios","10":"product_cat-katia-marcas","12":"first","13":"instock","14":"shipping-taxable","15":"purchasable","16":"product-type-simple"},"_links":{"self":[{"href":"https:\/\/www.lojameraki.pt\/novo\/wp-json\/wp\/v2\/product\/7140","targetHints":{"allow":["GET"]}}],"collection":[{"href":"https:\/\/www.lojameraki.pt\/novo\/wp-json\/wp\/v2\/product"}],"about":[{"href":"https:\/\/www.lojameraki.pt\/novo\/wp-json\/wp\/v2\/types\/product"}],"wp:featuredmedia":[{"embeddable":true,"href":"https:\/\/www.lojameraki.pt\/novo\/wp-json\/wp\/v2\/media\/7141"}],"wp:attachment":[{"href":"https:\/\/www.lojameraki.pt\/novo\/wp-json\/wp\/v2\/media?parent=7140"}],"wp:term":[{"taxonomy":"product_brand","embeddable":true,"href":"https:\/\/www.lojameraki.pt\/novo\/wp-json\/wp\/v2\/product_brand?post=7140"},{"taxonomy":"product_cat","embeddable":true,"href":"https:\/\/www.lojameraki.pt\/novo\/wp-json\/wp\/v2\/product_cat?post=7140"},{"taxonomy":"product_tag","embeddable":true,"href":"https:\/\/www.lojameraki.pt\/novo\/wp-json\/wp\/v2\/product_tag?post=7140"}],"curies":[{"name":"wp","href":"https:\/\/api.w.org\/{rel}","templated":true}]}}