{"id":7150,"date":"2023-05-05T16:48:23","date_gmt":"2023-05-05T16:48:23","guid":{"rendered":"https:\/\/www.lojameraki.pt\/novo\/?post_type=product&#038;p=7150"},"modified":"2026-04-23T11:14:30","modified_gmt":"2026-04-23T11:14:30","slug":"gomitolo-collina-1014","status":"publish","type":"product","link":"https:\/\/www.lojameraki.pt\/novo\/product\/gomitolo-collina-1014\/","title":{"rendered":"Gomitolo Collina 1014"},"content":{"rendered":"<p>Gomitolo Collina 1014<\/p>\n<p>Composi\u00e7\u00e3o: 72% Algod\u00e3o, 28%viscose<\/p>\n<p>Peso: 100 gramas<\/p>\n<p>Comprimento: 260 metros\u00a0 | DK<\/p>\n<p>Agulhas: 4 &#8211; 4,5 mm<\/p>\n<p>Amostra: 24 malhas por 30 carreiras\u00a0 \u00a0(10 cm x 10 cm )<\/p>\n<p>para tamanho 38\/40 &#8211;\u00a0 400 gramas<\/p>\n<p>lav\u00e1vel \u00e0 m\u00e1quina 30\u00ba<\/p>\n","protected":false},"excerpt":{"rendered":"<p>Gomitolo Collina 1014 Composi\u00e7\u00e3o: 72% Algod\u00e3o, 28%viscose Peso: 100 gramas Comprimento: 260 metros\u00a0 | DK Agulhas: 4 &#8211; 4,5 mm Amostra: 24 malhas por 30 carreiras\u00a0 \u00a0(10 cm x 10 cm ) para tamanho 38\/40 &#8211;\u00a0 400 gramas lav\u00e1vel \u00e0 m\u00e1quina 30\u00ba<\/p>\n","protected":false},"featured_media":7151,"template":"","meta":{"_et_pb_use_builder":"","_et_pb_old_content":"","_et_gb_content_width":""},"product_brand":[],"product_cat":[77,22,88,23,20,430,271,21,26,80],"product_tag":[],"class_list":{"0":"post-7150","1":"product","2":"type-product","3":"status-publish","4":"has-post-thumbnail","6":"product_cat-algodao","7":"product_cat-composicao","8":"product_cat-dk","9":"product_cat-espessura","10":"product_cat-fios","11":"product_cat-gomitolo-collina","12":"product_cat-lana-grossa","13":"product_cat-marcas","14":"product_cat-primavera-verao","15":"product_cat-viscose","17":"first","18":"instock","19":"shipping-taxable","20":"purchasable","21":"product-type-simple"},"_links":{"self":[{"href":"https:\/\/www.lojameraki.pt\/novo\/wp-json\/wp\/v2\/product\/7150","targetHints":{"allow":["GET"]}}],"collection":[{"href":"https:\/\/www.lojameraki.pt\/novo\/wp-json\/wp\/v2\/product"}],"about":[{"href":"https:\/\/www.lojameraki.pt\/novo\/wp-json\/wp\/v2\/types\/product"}],"wp:featuredmedia":[{"embeddable":true,"href":"https:\/\/www.lojameraki.pt\/novo\/wp-json\/wp\/v2\/media\/7151"}],"wp:attachment":[{"href":"https:\/\/www.lojameraki.pt\/novo\/wp-json\/wp\/v2\/media?parent=7150"}],"wp:term":[{"taxonomy":"product_brand","embeddable":true,"href":"https:\/\/www.lojameraki.pt\/novo\/wp-json\/wp\/v2\/product_brand?post=7150"},{"taxonomy":"product_cat","embeddable":true,"href":"https:\/\/www.lojameraki.pt\/novo\/wp-json\/wp\/v2\/product_cat?post=7150"},{"taxonomy":"product_tag","embeddable":true,"href":"https:\/\/www.lojameraki.pt\/novo\/wp-json\/wp\/v2\/product_tag?post=7150"}],"curies":[{"name":"wp","href":"https:\/\/api.w.org\/{rel}","templated":true}]}}