{"id":7198,"date":"2023-05-25T11:33:27","date_gmt":"2023-05-25T11:33:27","guid":{"rendered":"https:\/\/www.lojameraki.pt\/novo\/?post_type=product&#038;p=7198"},"modified":"2025-11-20T20:00:03","modified_gmt":"2025-11-20T20:00:03","slug":"agulhas-hiyahiya-sharp-4-mm","status":"publish","type":"product","link":"https:\/\/www.lojameraki.pt\/novo\/product\/agulhas-hiyahiya-sharp-4-mm\/","title":{"rendered":"Agulhas HiyaHiya sharp 4 mm"},"content":{"rendered":"<p>Agulhas HiyaHiya sharp\u00a0 Intercambi\u00e1veis<\/p>\n<p>Tamanho:4 mm<\/p>\n<p>Estas agulhas circulares em metal tem transi\u00e7\u00f5es perfeitas, pontas bem definidas e cabos flex\u00edveis proporcionam um tricotar muito confort\u00e1vel. As malhas deslizam facilmente pela agulha.<\/p>\n<p>Para as agulhas intercambi\u00e1veis\u00a0 entre 2,75mm e 5mm o cabo\u00a0 dever\u00e1 ser o tamanho small<\/p>\n","protected":false},"excerpt":{"rendered":"<p>Agulhas HiyaHiya sharp\u00a0 Intercambi\u00e1veis Tamanho:4 mm Estas agulhas circulares em metal tem transi\u00e7\u00f5es perfeitas, pontas bem definidas e cabos flex\u00edveis proporcionam um tricotar muito confort\u00e1vel. As malhas deslizam facilmente pela agulha. Para as agulhas intercambi\u00e1veis\u00a0 entre 2,75mm e 5mm o cabo\u00a0 dever\u00e1 ser o tamanho small<\/p>\n","protected":false},"featured_media":7190,"template":"","meta":{"_et_pb_use_builder":"","_et_pb_old_content":"","_et_gb_content_width":""},"product_brand":[],"product_cat":[28,235,206,440,207,29],"product_tag":[208],"class_list":{"0":"post-7198","1":"product","2":"type-product","3":"status-publish","4":"has-post-thumbnail","6":"product_cat-agulhas","7":"product_cat-hiya-hiya","8":"product_cat-marca","9":"product_cat-sharp-intercambiavel","10":"product_cat-tipo","11":"product_cat-tricot","12":"product_tag-tricot","14":"first","15":"instock","16":"shipping-taxable","17":"purchasable","18":"product-type-simple"},"_links":{"self":[{"href":"https:\/\/www.lojameraki.pt\/novo\/wp-json\/wp\/v2\/product\/7198","targetHints":{"allow":["GET"]}}],"collection":[{"href":"https:\/\/www.lojameraki.pt\/novo\/wp-json\/wp\/v2\/product"}],"about":[{"href":"https:\/\/www.lojameraki.pt\/novo\/wp-json\/wp\/v2\/types\/product"}],"wp:featuredmedia":[{"embeddable":true,"href":"https:\/\/www.lojameraki.pt\/novo\/wp-json\/wp\/v2\/media\/7190"}],"wp:attachment":[{"href":"https:\/\/www.lojameraki.pt\/novo\/wp-json\/wp\/v2\/media?parent=7198"}],"wp:term":[{"taxonomy":"product_brand","embeddable":true,"href":"https:\/\/www.lojameraki.pt\/novo\/wp-json\/wp\/v2\/product_brand?post=7198"},{"taxonomy":"product_cat","embeddable":true,"href":"https:\/\/www.lojameraki.pt\/novo\/wp-json\/wp\/v2\/product_cat?post=7198"},{"taxonomy":"product_tag","embeddable":true,"href":"https:\/\/www.lojameraki.pt\/novo\/wp-json\/wp\/v2\/product_tag?post=7198"}],"curies":[{"name":"wp","href":"https:\/\/api.w.org\/{rel}","templated":true}]}}