{"id":7210,"date":"2023-05-25T13:13:57","date_gmt":"2023-05-25T13:13:57","guid":{"rendered":"https:\/\/www.lojameraki.pt\/novo\/?post_type=product&#038;p=7210"},"modified":"2025-03-21T15:30:52","modified_gmt":"2025-03-21T15:30:52","slug":"agulhas-tricot-unicorn-3mm","status":"publish","type":"product","link":"https:\/\/www.lojameraki.pt\/novo\/product\/agulhas-tricot-unicorn-3mm\/","title":{"rendered":"Agulhas Tricot Unicorn 3mm"},"content":{"rendered":"<p>Agulhas Addi \u00a0Tricot Unicorn 3mm<\/p>\n<p>Cabo 80cm<\/p>\n<p>A estrutura em forma de espiral do unic\u00f3rnio massageia as suas m\u00e3os enquanto tricota e a superf\u00edcie brilhante e cintilante confere \u00e0 agulha addi uma pitada de eleg\u00e2ncia.<\/p>\n","protected":false},"excerpt":{"rendered":"<p>Agulhas Addi \u00a0Tricot Unicorn 3mm Cabo 80cm A estrutura em forma de espiral do unic\u00f3rnio massageia as suas m\u00e3os enquanto tricota e a superf\u00edcie brilhante e cintilante confere \u00e0 agulha addi uma pitada de eleg\u00e2ncia.<\/p>\n","protected":false},"featured_media":7211,"template":"","meta":{"_et_pb_use_builder":"","_et_pb_old_content":"","_et_gb_content_width":""},"product_brand":[],"product_cat":[105,28,206,207,203],"product_tag":[],"class_list":{"0":"post-7210","1":"product","2":"type-product","3":"status-publish","4":"has-post-thumbnail","6":"product_cat-addi","7":"product_cat-agulhas","8":"product_cat-marca","9":"product_cat-tipo","10":"product_cat-tricot-fixas","12":"first","13":"outofstock","14":"shipping-taxable","15":"purchasable","16":"product-type-simple"},"_links":{"self":[{"href":"https:\/\/www.lojameraki.pt\/novo\/wp-json\/wp\/v2\/product\/7210","targetHints":{"allow":["GET"]}}],"collection":[{"href":"https:\/\/www.lojameraki.pt\/novo\/wp-json\/wp\/v2\/product"}],"about":[{"href":"https:\/\/www.lojameraki.pt\/novo\/wp-json\/wp\/v2\/types\/product"}],"wp:featuredmedia":[{"embeddable":true,"href":"https:\/\/www.lojameraki.pt\/novo\/wp-json\/wp\/v2\/media\/7211"}],"wp:attachment":[{"href":"https:\/\/www.lojameraki.pt\/novo\/wp-json\/wp\/v2\/media?parent=7210"}],"wp:term":[{"taxonomy":"product_brand","embeddable":true,"href":"https:\/\/www.lojameraki.pt\/novo\/wp-json\/wp\/v2\/product_brand?post=7210"},{"taxonomy":"product_cat","embeddable":true,"href":"https:\/\/www.lojameraki.pt\/novo\/wp-json\/wp\/v2\/product_cat?post=7210"},{"taxonomy":"product_tag","embeddable":true,"href":"https:\/\/www.lojameraki.pt\/novo\/wp-json\/wp\/v2\/product_tag?post=7210"}],"curies":[{"name":"wp","href":"https:\/\/api.w.org\/{rel}","templated":true}]}}