{"id":723,"date":"2018-05-21T13:54:28","date_gmt":"2018-05-21T13:54:28","guid":{"rendered":"http:\/\/www.lojameraki.pt\/novo\/?post_type=product&#038;p=723"},"modified":"2023-09-08T16:23:16","modified_gmt":"2023-09-08T16:23:16","slug":"silky-lace-154","status":"publish","type":"product","link":"https:\/\/www.lojameraki.pt\/novo\/product\/silky-lace-154\/","title":{"rendered":"Silky Lace  154"},"content":{"rendered":"<p>Silky Lace 154 &#8211; cinza<\/p>\n<p>Composi\u00e7\u00e3o: 80%\u00a0 pura l\u00e3; 20% Seda<\/p>\n<p>Peso: 50 gramas<\/p>\n<p>Comprimento: 260 metros\u00a0 | Light Fingering<\/p>\n<p>Agulhas: 3- 3,5 mm<\/p>\n<p>Amostra: 26 malhas por 34 carreiras\u00a0 \u00a0(10 cm x 10 cm )<\/p>\n<p>lav\u00e1vel \u00e0 m\u00e1quina 30%<\/p>\n","protected":false},"excerpt":{"rendered":"<p>Silky Lace 154 &#8211; cinza Composi\u00e7\u00e3o: 80%\u00a0 pura l\u00e3; 20% Seda Peso: 50 gramas Comprimento: 260 metros\u00a0 | Light Fingering Agulhas: 3- 3,5 mm Amostra: 26 malhas por 34 carreiras\u00a0 \u00a0(10 cm x 10 cm ) lav\u00e1vel \u00e0 m\u00e1quina 30%<\/p>\n","protected":false},"featured_media":716,"template":"","meta":{"_et_pb_use_builder":"","_et_pb_old_content":"","_et_gb_content_width":""},"product_brand":[],"product_cat":[22,23,20,93,70,113,21,74,165],"product_tag":[],"class_list":{"0":"post-723","1":"product","2":"type-product","3":"status-publish","4":"has-post-thumbnail","6":"product_cat-composicao","7":"product_cat-espessura","8":"product_cat-fios","9":"product_cat-katia-marcas","10":"product_cat-la","11":"product_cat-light-fingering","12":"product_cat-marcas","13":"product_cat-seda","14":"product_cat-silky-lace","16":"first","17":"instock","18":"shipping-taxable","19":"purchasable","20":"product-type-simple"},"_links":{"self":[{"href":"https:\/\/www.lojameraki.pt\/novo\/wp-json\/wp\/v2\/product\/723","targetHints":{"allow":["GET"]}}],"collection":[{"href":"https:\/\/www.lojameraki.pt\/novo\/wp-json\/wp\/v2\/product"}],"about":[{"href":"https:\/\/www.lojameraki.pt\/novo\/wp-json\/wp\/v2\/types\/product"}],"wp:featuredmedia":[{"embeddable":true,"href":"https:\/\/www.lojameraki.pt\/novo\/wp-json\/wp\/v2\/media\/716"}],"wp:attachment":[{"href":"https:\/\/www.lojameraki.pt\/novo\/wp-json\/wp\/v2\/media?parent=723"}],"wp:term":[{"taxonomy":"product_brand","embeddable":true,"href":"https:\/\/www.lojameraki.pt\/novo\/wp-json\/wp\/v2\/product_brand?post=723"},{"taxonomy":"product_cat","embeddable":true,"href":"https:\/\/www.lojameraki.pt\/novo\/wp-json\/wp\/v2\/product_cat?post=723"},{"taxonomy":"product_tag","embeddable":true,"href":"https:\/\/www.lojameraki.pt\/novo\/wp-json\/wp\/v2\/product_tag?post=723"}],"curies":[{"name":"wp","href":"https:\/\/api.w.org\/{rel}","templated":true}]}}