{"id":7256,"date":"2023-06-14T10:07:14","date_gmt":"2023-06-14T10:07:14","guid":{"rendered":"https:\/\/www.lojameraki.pt\/novo\/?post_type=product&#038;p=7256"},"modified":"2025-07-17T15:11:50","modified_gmt":"2025-07-17T15:11:50","slug":"meilenweit-merino-hand-dyed-saat","status":"publish","type":"product","link":"https:\/\/www.lojameraki.pt\/novo\/product\/meilenweit-merino-hand-dyed-saat\/","title":{"rendered":"Meilenweit Merino hand-dyed Saat"},"content":{"rendered":"<p>Meilenweit Merino hand-dyed Saat<\/p>\n<p>Composi\u00e7\u00e3o: 80% L\u00e3 merino;\u00a0 20% Poliamida<\/p>\n<p>Peso: 100 gramas<\/p>\n<p>Comprimento: 420 metros | Fingering<\/p>\n<p>Agulhas: 2,5mm &#8211;\u00a0 3 mm<\/p>\n<p>Amostra: 28 malhas por 40 carreiras\u00a0 (10 cm)<\/p>\n<p>lav\u00e1vel \u00e0 m\u00e1quina<\/p>\n","protected":false},"excerpt":{"rendered":"<p>Meilenweit Merino hand-dyed Saat Composi\u00e7\u00e3o: 80% L\u00e3 merino;\u00a0 20% Poliamida Peso: 100 gramas Comprimento: 420 metros | Fingering Agulhas: 2,5mm &#8211;\u00a0 3 mm Amostra: 28 malhas por 40 carreiras\u00a0 (10 cm) lav\u00e1vel \u00e0 m\u00e1quina<\/p>\n","protected":false},"featured_media":7251,"template":"","meta":{"_et_pb_use_builder":"","_et_pb_old_content":"","_et_gb_content_width":""},"product_brand":[],"product_cat":[22,23,87,20,70,271,21,309,76],"product_tag":[],"class_list":{"0":"post-7256","1":"product","2":"type-product","3":"status-publish","4":"has-post-thumbnail","6":"product_cat-composicao","7":"product_cat-espessura","8":"product_cat-fingering","9":"product_cat-fios","10":"product_cat-la","11":"product_cat-lana-grossa","12":"product_cat-marcas","13":"product_cat-meilenweit-merino-hand-dyed","14":"product_cat-poliamida-nylon","16":"first","17":"instock","18":"shipping-taxable","19":"purchasable","20":"product-type-simple"},"_links":{"self":[{"href":"https:\/\/www.lojameraki.pt\/novo\/wp-json\/wp\/v2\/product\/7256","targetHints":{"allow":["GET"]}}],"collection":[{"href":"https:\/\/www.lojameraki.pt\/novo\/wp-json\/wp\/v2\/product"}],"about":[{"href":"https:\/\/www.lojameraki.pt\/novo\/wp-json\/wp\/v2\/types\/product"}],"wp:featuredmedia":[{"embeddable":true,"href":"https:\/\/www.lojameraki.pt\/novo\/wp-json\/wp\/v2\/media\/7251"}],"wp:attachment":[{"href":"https:\/\/www.lojameraki.pt\/novo\/wp-json\/wp\/v2\/media?parent=7256"}],"wp:term":[{"taxonomy":"product_brand","embeddable":true,"href":"https:\/\/www.lojameraki.pt\/novo\/wp-json\/wp\/v2\/product_brand?post=7256"},{"taxonomy":"product_cat","embeddable":true,"href":"https:\/\/www.lojameraki.pt\/novo\/wp-json\/wp\/v2\/product_cat?post=7256"},{"taxonomy":"product_tag","embeddable":true,"href":"https:\/\/www.lojameraki.pt\/novo\/wp-json\/wp\/v2\/product_tag?post=7256"}],"curies":[{"name":"wp","href":"https:\/\/api.w.org\/{rel}","templated":true}]}}