{"id":7307,"date":"2023-06-14T16:01:34","date_gmt":"2023-06-14T16:01:34","guid":{"rendered":"https:\/\/www.lojameraki.pt\/novo\/?post_type=product&#038;p=7307"},"modified":"2024-10-02T11:45:44","modified_gmt":"2024-10-02T11:45:44","slug":"barroco-natural-6","status":"publish","type":"product","link":"https:\/\/www.lojameraki.pt\/novo\/product\/barroco-natural-6\/","title":{"rendered":"Barroco Natural 6"},"content":{"rendered":"<p>Barroco Natural 6<\/p>\n<p>Espessura:\u00a0 885 TEX<\/p>\n<p>791 metros | 700 gramas<\/p>\n<p>Composi\u00e7\u00e3o: 100% algod\u00e3o<\/p>\n<p>Agulhas Para Crochet: 3,5 mm a 5mm<\/p>\n<p>Agulhas Para Tricot: 5 mm a 6,5 mm<\/p>\n<p>&nbsp;<\/p>\n<p>&nbsp;<\/p>\n","protected":false},"excerpt":{"rendered":"<p>Barroco Natural 6 Espessura:\u00a0 885 TEX 791 metros | 700 gramas Composi\u00e7\u00e3o: 100% algod\u00e3o Agulhas Para Crochet: 3,5 mm a 5mm Agulhas Para Tricot: 5 mm a 6,5 mm &nbsp; &nbsp;<\/p>\n","protected":false},"featured_media":7308,"template":"","meta":{"_et_pb_use_builder":"","_et_pb_old_content":"","_et_gb_content_width":""},"product_brand":[],"product_cat":[77,446,443,22,20,91,21,27],"product_tag":[],"class_list":{"0":"post-7307","1":"product","2":"type-product","3":"status-publish","4":"has-post-thumbnail","6":"product_cat-algodao","7":"product_cat-barroco","8":"product_cat-circulo","9":"product_cat-composicao","10":"product_cat-fios","11":"product_cat-macrame","12":"product_cat-marcas","13":"product_cat-outros","15":"first","16":"instock","17":"shipping-taxable","18":"purchasable","19":"product-type-simple"},"_links":{"self":[{"href":"https:\/\/www.lojameraki.pt\/novo\/wp-json\/wp\/v2\/product\/7307","targetHints":{"allow":["GET"]}}],"collection":[{"href":"https:\/\/www.lojameraki.pt\/novo\/wp-json\/wp\/v2\/product"}],"about":[{"href":"https:\/\/www.lojameraki.pt\/novo\/wp-json\/wp\/v2\/types\/product"}],"wp:featuredmedia":[{"embeddable":true,"href":"https:\/\/www.lojameraki.pt\/novo\/wp-json\/wp\/v2\/media\/7308"}],"wp:attachment":[{"href":"https:\/\/www.lojameraki.pt\/novo\/wp-json\/wp\/v2\/media?parent=7307"}],"wp:term":[{"taxonomy":"product_brand","embeddable":true,"href":"https:\/\/www.lojameraki.pt\/novo\/wp-json\/wp\/v2\/product_brand?post=7307"},{"taxonomy":"product_cat","embeddable":true,"href":"https:\/\/www.lojameraki.pt\/novo\/wp-json\/wp\/v2\/product_cat?post=7307"},{"taxonomy":"product_tag","embeddable":true,"href":"https:\/\/www.lojameraki.pt\/novo\/wp-json\/wp\/v2\/product_tag?post=7307"}],"curies":[{"name":"wp","href":"https:\/\/api.w.org\/{rel}","templated":true}]}}