{"id":7326,"date":"2023-06-26T11:32:40","date_gmt":"2023-06-26T11:32:40","guid":{"rendered":"https:\/\/www.lojameraki.pt\/novo\/?post_type=product&#038;p=7326"},"modified":"2025-01-15T10:55:28","modified_gmt":"2025-01-15T10:55:28","slug":"stavanger","status":"publish","type":"product","link":"https:\/\/www.lojameraki.pt\/novo\/product\/stavanger\/","title":{"rendered":"Stavanger"},"content":{"rendered":"<p>Stavanger \u00e9 uma bolsa de tricot\u00f4 elegante e pr\u00e1tica feita de couro genu\u00edno. A bolsa \u00e9 um acess\u00f3rio de tric\u00f4 indispens\u00e1vel para a tricotadeira em movimento que n\u00e3o quer comprometer o estilo e a qualidade da bolsa.<br \/>\nMas a Stavanger \u00e9 muito mais do que uma bolsa de tric\u00f4. Use-a como uma bolsa de higiene quando fores viajar. Ou como uma linda e intemporal bolsa do dia a dia para um dia na cidade.<br \/>\n\u00c9 feita \u00e0 m\u00e3o em couro premium dando \u00e0 bolsa um visual elegante e intemporal. A bolsa possui bolsos pequenos e pr\u00e1ticos no interior e no exterior, permitindo que organizes os teus acess\u00f3rios de maneira organizada. O grande compartimento \u00e9 espa\u00e7oso e oferece muito espa\u00e7o de armazenamento para o teu projeto de tricot.<\/p>\n<p>\u2022 Feito \u00e0 m\u00e3o em couro genu\u00edno<br \/>\n\u2022 Al\u00e7a de ombro remov\u00edvel e ajust\u00e1vel (130 cm)<br \/>\n\u2022 Bolso interno com z\u00edper<br \/>\n\u2022 Dois bolsos externos com z\u00edper<br \/>\n\u2022 Bolsos pequenos para guardar acess\u00f3rios<br \/>\n\u2022 Fechamento com z\u00edper<\/p>\n<p><strong>Especifica\u00e7\u00f5es:<\/strong><br \/>\nAl\u00e7a de ombro: Sim, remov\u00edvel e ajust\u00e1vel<br \/>\nAltura: 16 cm<br \/>\nLargura: 26 cm<br \/>\nForro: Polydrill com uma superf\u00edcie lisa para facilitar a manuten\u00e7\u00e3o<br \/>\nInforma\u00e7\u00f5es sobre cuidados: muud Care &amp; Clean<\/p>\n<p>O\u00a0couro \u00e9 um material natural e, portanto, sua apar\u00eancia pode variar de produto para produto.<br \/>\nA cor real do produto tamb\u00e9m pode variar da representa\u00e7\u00e3o visual neste site.<\/p>\n","protected":false},"excerpt":{"rendered":"<p>Stavanger \u00e9 uma bolsa de tricot\u00f4 elegante e pr\u00e1tica feita de couro genu\u00edno. A bolsa \u00e9 um acess\u00f3rio de tric\u00f4 indispens\u00e1vel para a tricotadeira em movimento que n\u00e3o quer comprometer o estilo e a qualidade da bolsa. Mas a Stavanger \u00e9 muito mais do que uma bolsa de tric\u00f4. Use-a como uma bolsa de higiene [&hellip;]<\/p>\n","protected":false},"featured_media":7327,"template":"","meta":{"_et_pb_use_builder":"","_et_pb_old_content":"","_et_gb_content_width":""},"product_brand":[],"product_cat":[448],"product_tag":[],"class_list":{"0":"post-7326","1":"product","2":"type-product","3":"status-publish","4":"has-post-thumbnail","6":"product_cat-muud","8":"first","9":"outofstock","10":"shipping-taxable","11":"purchasable","12":"product-type-simple"},"_links":{"self":[{"href":"https:\/\/www.lojameraki.pt\/novo\/wp-json\/wp\/v2\/product\/7326","targetHints":{"allow":["GET"]}}],"collection":[{"href":"https:\/\/www.lojameraki.pt\/novo\/wp-json\/wp\/v2\/product"}],"about":[{"href":"https:\/\/www.lojameraki.pt\/novo\/wp-json\/wp\/v2\/types\/product"}],"wp:featuredmedia":[{"embeddable":true,"href":"https:\/\/www.lojameraki.pt\/novo\/wp-json\/wp\/v2\/media\/7327"}],"wp:attachment":[{"href":"https:\/\/www.lojameraki.pt\/novo\/wp-json\/wp\/v2\/media?parent=7326"}],"wp:term":[{"taxonomy":"product_brand","embeddable":true,"href":"https:\/\/www.lojameraki.pt\/novo\/wp-json\/wp\/v2\/product_brand?post=7326"},{"taxonomy":"product_cat","embeddable":true,"href":"https:\/\/www.lojameraki.pt\/novo\/wp-json\/wp\/v2\/product_cat?post=7326"},{"taxonomy":"product_tag","embeddable":true,"href":"https:\/\/www.lojameraki.pt\/novo\/wp-json\/wp\/v2\/product_tag?post=7326"}],"curies":[{"name":"wp","href":"https:\/\/api.w.org\/{rel}","templated":true}]}}