{"id":7387,"date":"2023-07-14T17:07:45","date_gmt":"2023-07-14T17:07:45","guid":{"rendered":"https:\/\/www.lojameraki.pt\/novo\/?post_type=product&#038;p=7387"},"modified":"2025-06-03T19:33:43","modified_gmt":"2025-06-03T19:33:43","slug":"textured-knits","status":"publish","type":"product","link":"https:\/\/www.lojameraki.pt\/novo\/product\/textured-knits\/","title":{"rendered":"Textured Knits"},"content":{"rendered":"<p>Textured Knits<\/p>\n<p>by Paula Pereira<\/p>\n<p>Textured Knits \u00a0\u00e9 uma\u00a0 edi\u00e7\u00e3o com modelos de tricot contempor\u00e2neos e intemporais. Inclui modelos de camisolas, casacos, xailes e um par de meias, com uma variedade de diferentes texturas e t\u00e9cnicas &#8211; como tran\u00e7as, bordado e <em>jacquard<\/em>. O resultado \u00e9 uma cole\u00e7\u00e3o vers\u00e1til de pe\u00e7as de malha que se destaca pelos seus bel\u00edssimos detalhes. Como em todas as publica\u00e7\u00f5es da Laine, as malhas s\u00e3o fotografadas e apresentadas de uma forma muito apelativa para um livro que promete tornar-se um verdadeiro cl\u00e1ssico.<\/p>\n<p>224 p\u00e1ginas, em Ingl\u00eas. 20 modelos de tricot (14 camisolas, 3 casacos, 1 par de meias, 2 xailes)<br \/>\nTodas as camisolas e casacos foram pensadas at\u00e9 um tamanho 157cm \/ 62&#8243; de busto.<\/p>\n<p>Edi\u00e7\u00e3o Laine ( capa dura)<\/p>\n","protected":false},"excerpt":{"rendered":"<p>Textured Knits by Paula Pereira Textured Knits \u00a0\u00e9 uma\u00a0 edi\u00e7\u00e3o com modelos de tricot contempor\u00e2neos e intemporais. Inclui modelos de camisolas, casacos, xailes e um par de meias, com uma variedade de diferentes texturas e t\u00e9cnicas &#8211; como tran\u00e7as, bordado e jacquard. O resultado \u00e9 uma cole\u00e7\u00e3o vers\u00e1til de pe\u00e7as de malha que se destaca [&hellip;]<\/p>\n","protected":false},"featured_media":7388,"template":"","meta":{"_et_pb_use_builder":"","_et_pb_old_content":"","_et_gb_content_width":""},"product_brand":[],"product_cat":[210],"product_tag":[],"class_list":{"0":"post-7387","1":"product","2":"type-product","3":"status-publish","4":"has-post-thumbnail","6":"product_cat-publicacoes-revistas","8":"first","9":"outofstock","10":"shipping-taxable","11":"purchasable","12":"product-type-simple"},"_links":{"self":[{"href":"https:\/\/www.lojameraki.pt\/novo\/wp-json\/wp\/v2\/product\/7387","targetHints":{"allow":["GET"]}}],"collection":[{"href":"https:\/\/www.lojameraki.pt\/novo\/wp-json\/wp\/v2\/product"}],"about":[{"href":"https:\/\/www.lojameraki.pt\/novo\/wp-json\/wp\/v2\/types\/product"}],"wp:featuredmedia":[{"embeddable":true,"href":"https:\/\/www.lojameraki.pt\/novo\/wp-json\/wp\/v2\/media\/7388"}],"wp:attachment":[{"href":"https:\/\/www.lojameraki.pt\/novo\/wp-json\/wp\/v2\/media?parent=7387"}],"wp:term":[{"taxonomy":"product_brand","embeddable":true,"href":"https:\/\/www.lojameraki.pt\/novo\/wp-json\/wp\/v2\/product_brand?post=7387"},{"taxonomy":"product_cat","embeddable":true,"href":"https:\/\/www.lojameraki.pt\/novo\/wp-json\/wp\/v2\/product_cat?post=7387"},{"taxonomy":"product_tag","embeddable":true,"href":"https:\/\/www.lojameraki.pt\/novo\/wp-json\/wp\/v2\/product_tag?post=7387"}],"curies":[{"name":"wp","href":"https:\/\/api.w.org\/{rel}","templated":true}]}}