{"id":7413,"date":"2023-07-17T09:50:21","date_gmt":"2023-07-17T09:50:21","guid":{"rendered":"https:\/\/www.lojameraki.pt\/novo\/?post_type=product&#038;p=7413"},"modified":"2023-07-17T09:53:50","modified_gmt":"2023-07-17T09:53:50","slug":"alca-de-metal-corrente-fina-dourada","status":"publish","type":"product","link":"https:\/\/www.lojameraki.pt\/novo\/product\/alca-de-metal-corrente-fina-dourada\/","title":{"rendered":"Al\u00e7a de Metal Corrente Fina dourada"},"content":{"rendered":"<p>Al\u00e7a de Metal Corrente Fina<\/p>\n<p>Composi\u00e7\u00e3o: ferro<\/p>\n<p>Comprimento: 120 cm<\/p>\n","protected":false},"excerpt":{"rendered":"<p>Al\u00e7a de Metal Corrente Fina Composi\u00e7\u00e3o: ferro Comprimento: 120 cm<\/p>\n","protected":false},"featured_media":7414,"template":"","meta":{"_et_pb_use_builder":"","_et_pb_old_content":"","_et_gb_content_width":""},"product_brand":[],"product_cat":[187,454],"product_tag":[],"class_list":{"0":"post-7413","1":"product","2":"type-product","3":"status-publish","4":"has-post-thumbnail","6":"product_cat-acessorios","7":"product_cat-circulo-acessorios","9":"first","10":"instock","11":"shipping-taxable","12":"purchasable","13":"product-type-simple"},"_links":{"self":[{"href":"https:\/\/www.lojameraki.pt\/novo\/wp-json\/wp\/v2\/product\/7413","targetHints":{"allow":["GET"]}}],"collection":[{"href":"https:\/\/www.lojameraki.pt\/novo\/wp-json\/wp\/v2\/product"}],"about":[{"href":"https:\/\/www.lojameraki.pt\/novo\/wp-json\/wp\/v2\/types\/product"}],"wp:featuredmedia":[{"embeddable":true,"href":"https:\/\/www.lojameraki.pt\/novo\/wp-json\/wp\/v2\/media\/7414"}],"wp:attachment":[{"href":"https:\/\/www.lojameraki.pt\/novo\/wp-json\/wp\/v2\/media?parent=7413"}],"wp:term":[{"taxonomy":"product_brand","embeddable":true,"href":"https:\/\/www.lojameraki.pt\/novo\/wp-json\/wp\/v2\/product_brand?post=7413"},{"taxonomy":"product_cat","embeddable":true,"href":"https:\/\/www.lojameraki.pt\/novo\/wp-json\/wp\/v2\/product_cat?post=7413"},{"taxonomy":"product_tag","embeddable":true,"href":"https:\/\/www.lojameraki.pt\/novo\/wp-json\/wp\/v2\/product_tag?post=7413"}],"curies":[{"name":"wp","href":"https:\/\/api.w.org\/{rel}","templated":true}]}}