{"id":7431,"date":"2023-07-17T10:07:23","date_gmt":"2023-07-17T10:07:23","guid":{"rendered":"https:\/\/www.lojameraki.pt\/novo\/?post_type=product&#038;p=7431"},"modified":"2023-07-17T10:07:23","modified_gmt":"2023-07-17T10:07:23","slug":"alca-de-tecido-chevron","status":"publish","type":"product","link":"https:\/\/www.lojameraki.pt\/novo\/product\/alca-de-tecido-chevron\/","title":{"rendered":"Al\u00e7a de Tecido Chevron"},"content":{"rendered":"<p>Al\u00e7a de Tecido Chevron<\/p>\n<p>Composi\u00e7\u00e3o: algod\u00e3o e poli\u00e9ster<\/p>\n<p>Tamanho: 3,8 cm x 75-130 cm<\/p>\n","protected":false},"excerpt":{"rendered":"<p>Al\u00e7a de Tecido Chevron Composi\u00e7\u00e3o: algod\u00e3o e poli\u00e9ster Tamanho: 3,8 cm x 75-130 cm<\/p>\n","protected":false},"featured_media":7432,"template":"","meta":{"_et_pb_use_builder":"","_et_pb_old_content":"","_et_gb_content_width":""},"product_brand":[],"product_cat":[187,454],"product_tag":[],"class_list":{"0":"post-7431","1":"product","2":"type-product","3":"status-publish","4":"has-post-thumbnail","6":"product_cat-acessorios","7":"product_cat-circulo-acessorios","9":"first","10":"instock","11":"shipping-taxable","12":"purchasable","13":"product-type-simple"},"_links":{"self":[{"href":"https:\/\/www.lojameraki.pt\/novo\/wp-json\/wp\/v2\/product\/7431","targetHints":{"allow":["GET"]}}],"collection":[{"href":"https:\/\/www.lojameraki.pt\/novo\/wp-json\/wp\/v2\/product"}],"about":[{"href":"https:\/\/www.lojameraki.pt\/novo\/wp-json\/wp\/v2\/types\/product"}],"wp:featuredmedia":[{"embeddable":true,"href":"https:\/\/www.lojameraki.pt\/novo\/wp-json\/wp\/v2\/media\/7432"}],"wp:attachment":[{"href":"https:\/\/www.lojameraki.pt\/novo\/wp-json\/wp\/v2\/media?parent=7431"}],"wp:term":[{"taxonomy":"product_brand","embeddable":true,"href":"https:\/\/www.lojameraki.pt\/novo\/wp-json\/wp\/v2\/product_brand?post=7431"},{"taxonomy":"product_cat","embeddable":true,"href":"https:\/\/www.lojameraki.pt\/novo\/wp-json\/wp\/v2\/product_cat?post=7431"},{"taxonomy":"product_tag","embeddable":true,"href":"https:\/\/www.lojameraki.pt\/novo\/wp-json\/wp\/v2\/product_tag?post=7431"}],"curies":[{"name":"wp","href":"https:\/\/api.w.org\/{rel}","templated":true}]}}