{"id":744,"date":"2018-05-21T14:23:07","date_gmt":"2018-05-21T14:23:07","guid":{"rendered":"http:\/\/www.lojameraki.pt\/novo\/?post_type=product&#038;p=744"},"modified":"2018-08-16T14:22:32","modified_gmt":"2018-08-16T14:22:32","slug":"fino-kit-flora","status":"publish","type":"product","link":"https:\/\/www.lojameraki.pt\/novo\/product\/fino-kit-flora\/","title":{"rendered":"Fino &#8211; Kit Flora"},"content":{"rendered":"<p>Fino &#8211; Kit Flora &#8211; conjunto de 5 mini meadas<\/p>\n<p>Composi\u00e7\u00e3o: 75% L\u00e3 merino ; 30% Seda<\/p>\n<p>Peso: 100 gramas ( 5 meadas &#8211; cada meada\u00a0 20 gramas)<\/p>\n<p>Comprimento: 450 metros &#8211; 100gramas | Fingering<\/p>\n<p>Agulhas: 3 &#8211; 3,5 mm<\/p>\n<p>Amostra: 24 &#8211; 28 malhas (10 cm)<\/p>\n<p>lav\u00e1vel \u00e0 m\u00e3o a frio<\/p>\n","protected":false},"excerpt":{"rendered":"<p>Fino &#8211; Kit Flora &#8211; conjunto de 5 mini meadas Composi\u00e7\u00e3o: 75% L\u00e3 merino ; 30% Seda Peso: 100 gramas ( 5 meadas &#8211; cada meada\u00a0 20 gramas) Comprimento: 450 metros &#8211; 100gramas | Fingering Agulhas: 3 &#8211; 3,5 mm Amostra: 24 &#8211; 28 malhas (10 cm) lav\u00e1vel \u00e0 m\u00e3o a frio<\/p>\n","protected":false},"featured_media":739,"template":"","meta":{"_et_pb_use_builder":"","_et_pb_old_content":"","_et_gb_content_width":""},"product_brand":[],"product_cat":[22,23,87,195,20,70,99,21,74],"product_tag":[],"class_list":{"0":"post-744","1":"product","2":"type-product","3":"status-publish","4":"has-post-thumbnail","6":"product_cat-composicao","7":"product_cat-espessura","8":"product_cat-fingering","9":"product_cat-fino-kit","10":"product_cat-fios","11":"product_cat-la","12":"product_cat-manos-del-uruguay-marcas","13":"product_cat-marcas","14":"product_cat-seda","16":"first","17":"outofstock","18":"shipping-taxable","19":"purchasable","20":"product-type-simple"},"_links":{"self":[{"href":"https:\/\/www.lojameraki.pt\/novo\/wp-json\/wp\/v2\/product\/744","targetHints":{"allow":["GET"]}}],"collection":[{"href":"https:\/\/www.lojameraki.pt\/novo\/wp-json\/wp\/v2\/product"}],"about":[{"href":"https:\/\/www.lojameraki.pt\/novo\/wp-json\/wp\/v2\/types\/product"}],"wp:featuredmedia":[{"embeddable":true,"href":"https:\/\/www.lojameraki.pt\/novo\/wp-json\/wp\/v2\/media\/739"}],"wp:attachment":[{"href":"https:\/\/www.lojameraki.pt\/novo\/wp-json\/wp\/v2\/media?parent=744"}],"wp:term":[{"taxonomy":"product_brand","embeddable":true,"href":"https:\/\/www.lojameraki.pt\/novo\/wp-json\/wp\/v2\/product_brand?post=744"},{"taxonomy":"product_cat","embeddable":true,"href":"https:\/\/www.lojameraki.pt\/novo\/wp-json\/wp\/v2\/product_cat?post=744"},{"taxonomy":"product_tag","embeddable":true,"href":"https:\/\/www.lojameraki.pt\/novo\/wp-json\/wp\/v2\/product_tag?post=744"}],"curies":[{"name":"wp","href":"https:\/\/api.w.org\/{rel}","templated":true}]}}