{"id":7457,"date":"2023-07-17T15:24:55","date_gmt":"2023-07-17T15:24:55","guid":{"rendered":"https:\/\/www.lojameraki.pt\/novo\/?post_type=product&#038;p=7457"},"modified":"2026-03-28T12:49:12","modified_gmt":"2026-03-28T12:49:12","slug":"pyramid-cotton-90","status":"publish","type":"product","link":"https:\/\/www.lojameraki.pt\/novo\/product\/pyramid-cotton-90\/","title":{"rendered":"Pyramid Cotton 90"},"content":{"rendered":"<p>Pyramid Cotton 90<\/p>\n<p>Composi\u00e7\u00e3o: 100% algod\u00e3o<\/p>\n<p>Peso: 50 gramas<\/p>\n<p>Comprimento: 175 metros | Fingering<\/p>\n<p>Agulhas: 3 mm<\/p>\n<p>Amostra: 26 malhas por 36 carreiras\u00a0 \u00a0(10 x 10 cm)<\/p>\n<p>&nbsp;<\/p>\n","protected":false},"excerpt":{"rendered":"<p>Pyramid Cotton 90 Composi\u00e7\u00e3o: 100% algod\u00e3o Peso: 50 gramas Comprimento: 175 metros | Fingering Agulhas: 3 mm Amostra: 26 malhas por 36 carreiras\u00a0 \u00a0(10 x 10 cm) &nbsp;<\/p>\n","protected":false},"featured_media":7453,"template":"","meta":{"_et_pb_use_builder":"","_et_pb_old_content":"","_et_gb_content_width":""},"product_brand":[],"product_cat":[77,22,23,87,20,21,26,380,109],"product_tag":[],"class_list":{"0":"post-7457","1":"product","2":"type-product","3":"status-publish","4":"has-post-thumbnail","6":"product_cat-algodao","7":"product_cat-composicao","8":"product_cat-espessura","9":"product_cat-fingering","10":"product_cat-fios","11":"product_cat-marcas","12":"product_cat-primavera-verao","13":"product_cat-pyramid-cotton","14":"product_cat-schachenmayr-marcas","16":"first","17":"instock","18":"shipping-taxable","19":"purchasable","20":"product-type-simple"},"_links":{"self":[{"href":"https:\/\/www.lojameraki.pt\/novo\/wp-json\/wp\/v2\/product\/7457","targetHints":{"allow":["GET"]}}],"collection":[{"href":"https:\/\/www.lojameraki.pt\/novo\/wp-json\/wp\/v2\/product"}],"about":[{"href":"https:\/\/www.lojameraki.pt\/novo\/wp-json\/wp\/v2\/types\/product"}],"wp:featuredmedia":[{"embeddable":true,"href":"https:\/\/www.lojameraki.pt\/novo\/wp-json\/wp\/v2\/media\/7453"}],"wp:attachment":[{"href":"https:\/\/www.lojameraki.pt\/novo\/wp-json\/wp\/v2\/media?parent=7457"}],"wp:term":[{"taxonomy":"product_brand","embeddable":true,"href":"https:\/\/www.lojameraki.pt\/novo\/wp-json\/wp\/v2\/product_brand?post=7457"},{"taxonomy":"product_cat","embeddable":true,"href":"https:\/\/www.lojameraki.pt\/novo\/wp-json\/wp\/v2\/product_cat?post=7457"},{"taxonomy":"product_tag","embeddable":true,"href":"https:\/\/www.lojameraki.pt\/novo\/wp-json\/wp\/v2\/product_tag?post=7457"}],"curies":[{"name":"wp","href":"https:\/\/api.w.org\/{rel}","templated":true}]}}