{"id":7627,"date":"2023-07-25T14:39:36","date_gmt":"2023-07-25T14:39:36","guid":{"rendered":"https:\/\/www.lojameraki.pt\/novo\/?post_type=product&#038;p=7627"},"modified":"2024-09-20T11:57:42","modified_gmt":"2024-09-20T11:57:42","slug":"my-touch-of-cashmere-53","status":"publish","type":"product","link":"https:\/\/www.lojameraki.pt\/novo\/product\/my-touch-of-cashmere-53\/","title":{"rendered":"My Touch of  Cashmere 53"},"content":{"rendered":"<p>My Touch of Cashmere 53<\/p>\n<p>Composi\u00e7\u00e3o: 57% l\u00e3; 33 % acr\u00edlico; 10% caxemira<\/p>\n<p>Peso: 50 gramas<\/p>\n<p>Comprimento: 115 metros | DK<\/p>\n<p>Agulhas: 3,5 &#8211; 4 mm<\/p>\n<p>Amostra:\u00a0 22\u00a0 malhas x 30 carreiras\u00a0 (10 cm)<\/p>\n<p>lav\u00e1vel \u00e0 m\u00e1quina, mulesing free<\/p>\n","protected":false},"excerpt":{"rendered":"<p>My Touch of Cashmere 53 Composi\u00e7\u00e3o: 57% l\u00e3; 33 % acr\u00edlico; 10% caxemira Peso: 50 gramas Comprimento: 115 metros | DK Agulhas: 3,5 &#8211; 4 mm Amostra:\u00a0 22\u00a0 malhas x 30 carreiras\u00a0 (10 cm) lav\u00e1vel \u00e0 m\u00e1quina, mulesing free<\/p>\n","protected":false},"featured_media":7622,"template":"","meta":{"_et_pb_use_builder":"","_et_pb_old_content":"","_et_gb_content_width":""},"product_brand":[],"product_cat":[82,84,22,88,23,20,70,21,458,109],"product_tag":[],"class_list":{"0":"post-7627","1":"product","2":"type-product","3":"status-publish","4":"has-post-thumbnail","6":"product_cat-acrilico","7":"product_cat-caxemira","8":"product_cat-composicao","9":"product_cat-dk","10":"product_cat-espessura","11":"product_cat-fios","12":"product_cat-la","13":"product_cat-marcas","14":"product_cat-my-touch-of-cashmere","15":"product_cat-schachenmayr-marcas","17":"first","18":"instock","19":"featured","20":"shipping-taxable","21":"purchasable","22":"product-type-simple"},"_links":{"self":[{"href":"https:\/\/www.lojameraki.pt\/novo\/wp-json\/wp\/v2\/product\/7627","targetHints":{"allow":["GET"]}}],"collection":[{"href":"https:\/\/www.lojameraki.pt\/novo\/wp-json\/wp\/v2\/product"}],"about":[{"href":"https:\/\/www.lojameraki.pt\/novo\/wp-json\/wp\/v2\/types\/product"}],"wp:featuredmedia":[{"embeddable":true,"href":"https:\/\/www.lojameraki.pt\/novo\/wp-json\/wp\/v2\/media\/7622"}],"wp:attachment":[{"href":"https:\/\/www.lojameraki.pt\/novo\/wp-json\/wp\/v2\/media?parent=7627"}],"wp:term":[{"taxonomy":"product_brand","embeddable":true,"href":"https:\/\/www.lojameraki.pt\/novo\/wp-json\/wp\/v2\/product_brand?post=7627"},{"taxonomy":"product_cat","embeddable":true,"href":"https:\/\/www.lojameraki.pt\/novo\/wp-json\/wp\/v2\/product_cat?post=7627"},{"taxonomy":"product_tag","embeddable":true,"href":"https:\/\/www.lojameraki.pt\/novo\/wp-json\/wp\/v2\/product_tag?post=7627"}],"curies":[{"name":"wp","href":"https:\/\/api.w.org\/{rel}","templated":true}]}}