{"id":7633,"date":"2023-07-27T11:35:47","date_gmt":"2023-07-27T11:35:47","guid":{"rendered":"https:\/\/www.lojameraki.pt\/novo\/?post_type=product&#038;p=7633"},"modified":"2025-05-10T17:25:05","modified_gmt":"2025-05-10T17:25:05","slug":"stitch-stoppers","status":"publish","type":"product","link":"https:\/\/www.lojameraki.pt\/novo\/product\/stitch-stoppers\/","title":{"rendered":"Stitch Stoppers"},"content":{"rendered":"<p>Stitch Stoppers<\/p>\n<p>Um acaica com 24 protetores de agulha para escolher, 4 por tamanho em 6 di\u00e2metros diferentes! Cada cor corresponde a um tamanho diferente, para que possa identificar as suas agulhas de forma f\u00e1cil e r\u00e1pida. Use-os com todos os tipos de agulhas de tricot: agulhas retas, circulares e pontas duplas de tamanhos de 2 a 12 mm.<\/p>\n","protected":false},"excerpt":{"rendered":"<p>Stitch Stoppers Um acaica com 24 protetores de agulha para escolher, 4 por tamanho em 6 di\u00e2metros diferentes! Cada cor corresponde a um tamanho diferente, para que possa identificar as suas agulhas de forma f\u00e1cil e r\u00e1pida. Use-os com todos os tipos de agulhas de tricot: agulhas retas, circulares e pontas duplas de tamanhos de [&hellip;]<\/p>\n","protected":false},"featured_media":7636,"template":"","meta":{"_et_pb_use_builder":"","_et_pb_old_content":"","_et_gb_content_width":""},"product_brand":[],"product_cat":[187,449],"product_tag":[],"class_list":{"0":"post-7633","1":"product","2":"type-product","3":"status-publish","4":"has-post-thumbnail","6":"product_cat-acessorios","7":"product_cat-tricot-e-crochet","9":"first","10":"instock","11":"shipping-taxable","12":"purchasable","13":"product-type-simple"},"_links":{"self":[{"href":"https:\/\/www.lojameraki.pt\/novo\/wp-json\/wp\/v2\/product\/7633","targetHints":{"allow":["GET"]}}],"collection":[{"href":"https:\/\/www.lojameraki.pt\/novo\/wp-json\/wp\/v2\/product"}],"about":[{"href":"https:\/\/www.lojameraki.pt\/novo\/wp-json\/wp\/v2\/types\/product"}],"wp:featuredmedia":[{"embeddable":true,"href":"https:\/\/www.lojameraki.pt\/novo\/wp-json\/wp\/v2\/media\/7636"}],"wp:attachment":[{"href":"https:\/\/www.lojameraki.pt\/novo\/wp-json\/wp\/v2\/media?parent=7633"}],"wp:term":[{"taxonomy":"product_brand","embeddable":true,"href":"https:\/\/www.lojameraki.pt\/novo\/wp-json\/wp\/v2\/product_brand?post=7633"},{"taxonomy":"product_cat","embeddable":true,"href":"https:\/\/www.lojameraki.pt\/novo\/wp-json\/wp\/v2\/product_cat?post=7633"},{"taxonomy":"product_tag","embeddable":true,"href":"https:\/\/www.lojameraki.pt\/novo\/wp-json\/wp\/v2\/product_tag?post=7633"}],"curies":[{"name":"wp","href":"https:\/\/api.w.org\/{rel}","templated":true}]}}