{"id":7719,"date":"2023-07-31T17:38:12","date_gmt":"2023-07-31T17:38:12","guid":{"rendered":"https:\/\/www.lojameraki.pt\/novo\/?post_type=product&#038;p=7719"},"modified":"2025-07-01T00:00:19","modified_gmt":"2025-07-01T00:00:19","slug":"virtuoso-color-3071","status":"publish","type":"product","link":"https:\/\/www.lojameraki.pt\/novo\/product\/virtuoso-color-3071\/","title":{"rendered":"Virtuoso Color 3071"},"content":{"rendered":"<p>Virtuoso Color 3071<\/p>\n<p>Composi\u00e7\u00e3o: 75% l\u00e3; 25% poliamida<\/p>\n<p>Peso: 150 gramas<\/p>\n<p>Comprimento: 375 metros | DK<\/p>\n<p>Agulhas: 3 &#8211; 4 mm<\/p>\n<p>Amostra:\u00a0 22\u00a0 malhas x 30 carreiras\u00a0 (10 cm)<\/p>\n<p>lav\u00e1vel \u00e0 m\u00e1quina<\/p>\n","protected":false},"excerpt":{"rendered":"<p>Virtuoso Color 3071 Composi\u00e7\u00e3o: 75% l\u00e3; 25% poliamida Peso: 150 gramas Comprimento: 375 metros | DK Agulhas: 3 &#8211; 4 mm Amostra:\u00a0 22\u00a0 malhas x 30 carreiras\u00a0 (10 cm) lav\u00e1vel \u00e0 m\u00e1quina<\/p>\n","protected":false},"featured_media":7721,"template":"","meta":{"_et_pb_use_builder":"","_et_pb_old_content":"","_et_gb_content_width":""},"product_brand":[],"product_cat":[22,88,23,20,70,21,25,76,108,464],"product_tag":[],"class_list":{"0":"post-7719","1":"product","2":"type-product","3":"status-publish","4":"has-post-thumbnail","6":"product_cat-composicao","7":"product_cat-dk","8":"product_cat-espessura","9":"product_cat-fios","10":"product_cat-la","11":"product_cat-marcas","12":"product_cat-meias","13":"product_cat-poliamida-nylon","14":"product_cat-regia-marcas","15":"product_cat-virtuoso-color","17":"first","18":"instock","19":"featured","20":"shipping-taxable","21":"purchasable","22":"product-type-simple"},"_links":{"self":[{"href":"https:\/\/www.lojameraki.pt\/novo\/wp-json\/wp\/v2\/product\/7719","targetHints":{"allow":["GET"]}}],"collection":[{"href":"https:\/\/www.lojameraki.pt\/novo\/wp-json\/wp\/v2\/product"}],"about":[{"href":"https:\/\/www.lojameraki.pt\/novo\/wp-json\/wp\/v2\/types\/product"}],"wp:featuredmedia":[{"embeddable":true,"href":"https:\/\/www.lojameraki.pt\/novo\/wp-json\/wp\/v2\/media\/7721"}],"wp:attachment":[{"href":"https:\/\/www.lojameraki.pt\/novo\/wp-json\/wp\/v2\/media?parent=7719"}],"wp:term":[{"taxonomy":"product_brand","embeddable":true,"href":"https:\/\/www.lojameraki.pt\/novo\/wp-json\/wp\/v2\/product_brand?post=7719"},{"taxonomy":"product_cat","embeddable":true,"href":"https:\/\/www.lojameraki.pt\/novo\/wp-json\/wp\/v2\/product_cat?post=7719"},{"taxonomy":"product_tag","embeddable":true,"href":"https:\/\/www.lojameraki.pt\/novo\/wp-json\/wp\/v2\/product_tag?post=7719"}],"curies":[{"name":"wp","href":"https:\/\/api.w.org\/{rel}","templated":true}]}}