{"id":7768,"date":"2023-08-03T09:55:59","date_gmt":"2023-08-03T09:55:59","guid":{"rendered":"https:\/\/www.lojameraki.pt\/novo\/?post_type=product&#038;p=7768"},"modified":"2024-10-23T16:41:20","modified_gmt":"2024-10-23T16:41:20","slug":"alentejo-wool-37","status":"publish","type":"product","link":"https:\/\/www.lojameraki.pt\/novo\/product\/alentejo-wool-37\/","title":{"rendered":"Alentejo wool 37"},"content":{"rendered":"<p>Alentejo wool 37<\/p>\n<p>Composi\u00e7\u00e3o: 100% l\u00e3<\/p>\n<p>Peso: 100 gramas<\/p>\n<p>Comprimento: 120 metros | Aran<\/p>\n<p>Agulhas: 5,5 &#8211; 6mm<\/p>\n<p>Amostra: 12 malhas x 17 carreiras\u00a0 (10 cm)<\/p>\n<p>lav\u00e1vel \u00e0 m\u00e3o<\/p>\n","protected":false},"excerpt":{"rendered":"<p>Alentejo wool 37 Composi\u00e7\u00e3o: 100% l\u00e3 Peso: 100 gramas Comprimento: 120 metros | Aran Agulhas: 5,5 &#8211; 6mm Amostra: 12 malhas x 17 carreiras\u00a0 (10 cm) lav\u00e1vel \u00e0 m\u00e3o<\/p>\n","protected":false},"featured_media":7739,"template":"","meta":{"_et_pb_use_builder":"","_et_pb_old_content":"","_et_gb_content_width":""},"product_brand":[],"product_cat":[466,112,22,23,20,70,21,95],"product_tag":[],"class_list":{"0":"post-7768","1":"product","2":"type-product","3":"status-publish","4":"has-post-thumbnail","6":"product_cat-alentejo-wool","7":"product_cat-aran","8":"product_cat-composicao","9":"product_cat-espessura","10":"product_cat-fios","11":"product_cat-la","12":"product_cat-marcas","13":"product_cat-rosarios-4-marcas","15":"first","16":"instock","17":"featured","18":"shipping-taxable","19":"purchasable","20":"product-type-simple"},"_links":{"self":[{"href":"https:\/\/www.lojameraki.pt\/novo\/wp-json\/wp\/v2\/product\/7768","targetHints":{"allow":["GET"]}}],"collection":[{"href":"https:\/\/www.lojameraki.pt\/novo\/wp-json\/wp\/v2\/product"}],"about":[{"href":"https:\/\/www.lojameraki.pt\/novo\/wp-json\/wp\/v2\/types\/product"}],"wp:featuredmedia":[{"embeddable":true,"href":"https:\/\/www.lojameraki.pt\/novo\/wp-json\/wp\/v2\/media\/7739"}],"wp:attachment":[{"href":"https:\/\/www.lojameraki.pt\/novo\/wp-json\/wp\/v2\/media?parent=7768"}],"wp:term":[{"taxonomy":"product_brand","embeddable":true,"href":"https:\/\/www.lojameraki.pt\/novo\/wp-json\/wp\/v2\/product_brand?post=7768"},{"taxonomy":"product_cat","embeddable":true,"href":"https:\/\/www.lojameraki.pt\/novo\/wp-json\/wp\/v2\/product_cat?post=7768"},{"taxonomy":"product_tag","embeddable":true,"href":"https:\/\/www.lojameraki.pt\/novo\/wp-json\/wp\/v2\/product_tag?post=7768"}],"curies":[{"name":"wp","href":"https:\/\/api.w.org\/{rel}","templated":true}]}}