{"id":7775,"date":"2023-08-16T10:32:05","date_gmt":"2023-08-16T10:32:05","guid":{"rendered":"https:\/\/www.lojameraki.pt\/novo\/?post_type=product&#038;p=7775"},"modified":"2025-02-20T12:57:26","modified_gmt":"2025-02-20T12:57:26","slug":"cotton-n-wool-920","status":"publish","type":"product","link":"https:\/\/www.lojameraki.pt\/novo\/product\/cotton-n-wool-920\/","title":{"rendered":"Cotton n&#8217; wool 920"},"content":{"rendered":"<p>Cotton n&#8217; wool 920<\/p>\n<p>Composi\u00e7\u00e3o: 40% l\u00e3; 60 % algod\u00e3o<\/p>\n<p>Peso: 50 gramas<\/p>\n<p>Comprimento: 115 metros | DK<\/p>\n<p>Agulhas: 3,5 &#8211; 4.5 mm &#8211; 3,50 mm<\/p>\n<p>Amostra:\u00a0 20\u00a0 malhas x 28 carreiras\u00a0 (10 cm)<\/p>\n<p>lav\u00e1vel \u00e0 m\u00e1quina<\/p>\n","protected":false},"excerpt":{"rendered":"<p>Cotton n&#8217; wool 920 Composi\u00e7\u00e3o: 40% l\u00e3; 60 % algod\u00e3o Peso: 50 gramas Comprimento: 115 metros | DK Agulhas: 3,5 &#8211; 4.5 mm &#8211; 3,50 mm Amostra:\u00a0 20\u00a0 malhas x 28 carreiras\u00a0 (10 cm) lav\u00e1vel \u00e0 m\u00e1quina<\/p>\n","protected":false},"featured_media":7605,"template":"","meta":{"_et_pb_use_builder":"","_et_pb_old_content":"","_et_gb_content_width":""},"product_brand":[],"product_cat":[77,247,22,457,88,23,20,70,21],"product_tag":[],"class_list":{"0":"post-7775","1":"product","2":"type-product","3":"status-publish","4":"has-post-thumbnail","6":"product_cat-algodao","7":"product_cat-anchor","8":"product_cat-composicao","9":"product_cat-cotton-n-wool","10":"product_cat-dk","11":"product_cat-espessura","12":"product_cat-fios","13":"product_cat-la","14":"product_cat-marcas","16":"first","17":"instock","18":"featured","19":"shipping-taxable","20":"purchasable","21":"product-type-simple"},"_links":{"self":[{"href":"https:\/\/www.lojameraki.pt\/novo\/wp-json\/wp\/v2\/product\/7775","targetHints":{"allow":["GET"]}}],"collection":[{"href":"https:\/\/www.lojameraki.pt\/novo\/wp-json\/wp\/v2\/product"}],"about":[{"href":"https:\/\/www.lojameraki.pt\/novo\/wp-json\/wp\/v2\/types\/product"}],"wp:featuredmedia":[{"embeddable":true,"href":"https:\/\/www.lojameraki.pt\/novo\/wp-json\/wp\/v2\/media\/7605"}],"wp:attachment":[{"href":"https:\/\/www.lojameraki.pt\/novo\/wp-json\/wp\/v2\/media?parent=7775"}],"wp:term":[{"taxonomy":"product_brand","embeddable":true,"href":"https:\/\/www.lojameraki.pt\/novo\/wp-json\/wp\/v2\/product_brand?post=7775"},{"taxonomy":"product_cat","embeddable":true,"href":"https:\/\/www.lojameraki.pt\/novo\/wp-json\/wp\/v2\/product_cat?post=7775"},{"taxonomy":"product_tag","embeddable":true,"href":"https:\/\/www.lojameraki.pt\/novo\/wp-json\/wp\/v2\/product_tag?post=7775"}],"curies":[{"name":"wp","href":"https:\/\/api.w.org\/{rel}","templated":true}]}}