{"id":7813,"date":"2023-09-11T10:11:21","date_gmt":"2023-09-11T10:11:21","guid":{"rendered":"https:\/\/www.lojameraki.pt\/novo\/?post_type=product&#038;p=7813"},"modified":"2024-11-19T21:14:57","modified_gmt":"2024-11-19T21:14:57","slug":"knitting-with-designers","status":"publish","type":"product","link":"https:\/\/www.lojameraki.pt\/novo\/product\/knitting-with-designers\/","title":{"rendered":"Knitting With Designers"},"content":{"rendered":"<p>Knitting With Designers<\/p>\n<p>15 modelos\u00a0 dispon\u00edveis\u00a0 em tricot e crochet<\/p>\n<p>Designers: knitting for Breakfast; Andr\u00e9 de Castro; M\u00f3nica\u00a0 Moreira &#8211; Fio das Moiras; Sofia Izaguirre; Susi se Enreda; Beagle Knits; Rosso.Cardinale; T\u00e2nia Neves &#8211; Bola de P\u00ealo Cria\u00e7\u00f5es; Kate Stodter<\/p>\n<p>Em Portugu\u00eas, Espanhol e Italiano<\/p>\n","protected":false},"excerpt":{"rendered":"<p>Knitting With Designers 15 modelos\u00a0 dispon\u00edveis\u00a0 em tricot e crochet Designers: knitting for Breakfast; Andr\u00e9 de Castro; M\u00f3nica\u00a0 Moreira &#8211; Fio das Moiras; Sofia Izaguirre; Susi se Enreda; Beagle Knits; Rosso.Cardinale; T\u00e2nia Neves &#8211; Bola de P\u00ealo Cria\u00e7\u00f5es; Kate Stodter Em Portugu\u00eas, Espanhol e Italiano<\/p>\n","protected":false},"featured_media":7812,"template":"","meta":{"_et_pb_use_builder":"","_et_pb_old_content":"","_et_gb_content_width":""},"product_brand":[],"product_cat":[210],"product_tag":[],"class_list":{"0":"post-7813","1":"product","2":"type-product","3":"status-publish","4":"has-post-thumbnail","6":"product_cat-publicacoes-revistas","8":"first","9":"instock","10":"shipping-taxable","11":"purchasable","12":"product-type-simple"},"_links":{"self":[{"href":"https:\/\/www.lojameraki.pt\/novo\/wp-json\/wp\/v2\/product\/7813","targetHints":{"allow":["GET"]}}],"collection":[{"href":"https:\/\/www.lojameraki.pt\/novo\/wp-json\/wp\/v2\/product"}],"about":[{"href":"https:\/\/www.lojameraki.pt\/novo\/wp-json\/wp\/v2\/types\/product"}],"wp:featuredmedia":[{"embeddable":true,"href":"https:\/\/www.lojameraki.pt\/novo\/wp-json\/wp\/v2\/media\/7812"}],"wp:attachment":[{"href":"https:\/\/www.lojameraki.pt\/novo\/wp-json\/wp\/v2\/media?parent=7813"}],"wp:term":[{"taxonomy":"product_brand","embeddable":true,"href":"https:\/\/www.lojameraki.pt\/novo\/wp-json\/wp\/v2\/product_brand?post=7813"},{"taxonomy":"product_cat","embeddable":true,"href":"https:\/\/www.lojameraki.pt\/novo\/wp-json\/wp\/v2\/product_cat?post=7813"},{"taxonomy":"product_tag","embeddable":true,"href":"https:\/\/www.lojameraki.pt\/novo\/wp-json\/wp\/v2\/product_tag?post=7813"}],"curies":[{"name":"wp","href":"https:\/\/api.w.org\/{rel}","templated":true}]}}